{"id":8377,"date":"2025-07-05T18:20:47","date_gmt":"2025-07-05T10:20:47","guid":{"rendered":"https:\/\/www.tonerchiptec.com\/?post_type=product&#038;p=8377"},"modified":"2025-12-27T08:45:13","modified_gmt":"2025-12-27T07:45:13","slug":"b310-b315-b305-black","status":"publish","type":"product","link":"https:\/\/www.tonerchiptec.com\/es\/product\/b310-b315-b305-black\/","title":{"rendered":"Xerox  B310 B315 B305 6K"},"content":{"rendered":"<p><img fetchpriority=\"high\" decoding=\"async\" class=\"aligncenter size-full wp-image-8811\" src=\"https:\/\/www.tonerchiptec.com\/wp-content\/uploads\/2025\/07\/\u5fae\u4fe1\u56fe\u7247_20250823160427_76.png\" alt=\"\" width=\"800\" height=\"800\" srcset=\"https:\/\/www.tonerchiptec.com\/wp-content\/uploads\/2025\/07\/\u5fae\u4fe1\u56fe\u7247_20250823160427_76.png 800w, https:\/\/www.tonerchiptec.com\/wp-content\/uploads\/2025\/07\/\u5fae\u4fe1\u56fe\u7247_20250823160427_76-300x300.png 300w, https:\/\/www.tonerchiptec.com\/wp-content\/uploads\/2025\/07\/\u5fae\u4fe1\u56fe\u7247_20250823160427_76-150x150.png 150w, https:\/\/www.tonerchiptec.com\/wp-content\/uploads\/2025\/07\/\u5fae\u4fe1\u56fe\u7247_20250823160427_76-768x768.png 768w, https:\/\/www.tonerchiptec.com\/wp-content\/uploads\/2025\/07\/\u5fae\u4fe1\u56fe\u7247_20250823160427_76-12x12.png 12w, https:\/\/www.tonerchiptec.com\/wp-content\/uploads\/2025\/07\/\u5fae\u4fe1\u56fe\u7247_20250823160427_76-600x600.png 600w, https:\/\/www.tonerchiptec.com\/wp-content\/uploads\/2025\/07\/\u5fae\u4fe1\u56fe\u7247_20250823160427_76-100x100.png 100w\" sizes=\"(max-width: 800px) 100vw, 800px\" \/> <img decoding=\"async\" class=\"aligncenter size-full wp-image-8812\" src=\"https:\/\/www.tonerchiptec.com\/wp-content\/uploads\/2025\/07\/\u5fae\u4fe1\u56fe\u7247_20250823160427_77.png\" alt=\"\" width=\"800\" height=\"800\" srcset=\"https:\/\/www.tonerchiptec.com\/wp-content\/uploads\/2025\/07\/\u5fae\u4fe1\u56fe\u7247_20250823160427_77.png 800w, https:\/\/www.tonerchiptec.com\/wp-content\/uploads\/2025\/07\/\u5fae\u4fe1\u56fe\u7247_20250823160427_77-300x300.png 300w, https:\/\/www.tonerchiptec.com\/wp-content\/uploads\/2025\/07\/\u5fae\u4fe1\u56fe\u7247_20250823160427_77-150x150.png 150w, https:\/\/www.tonerchiptec.com\/wp-content\/uploads\/2025\/07\/\u5fae\u4fe1\u56fe\u7247_20250823160427_77-768x768.png 768w, https:\/\/www.tonerchiptec.com\/wp-content\/uploads\/2025\/07\/\u5fae\u4fe1\u56fe\u7247_20250823160427_77-12x12.png 12w, https:\/\/www.tonerchiptec.com\/wp-content\/uploads\/2025\/07\/\u5fae\u4fe1\u56fe\u7247_20250823160427_77-600x600.png 600w, https:\/\/www.tonerchiptec.com\/wp-content\/uploads\/2025\/07\/\u5fae\u4fe1\u56fe\u7247_20250823160427_77-100x100.png 100w\" sizes=\"(max-width: 800px) 100vw, 800px\" \/><\/p>\n<p><img decoding=\"async\" class=\"aligncenter size-full wp-image-8535\" src=\"https:\/\/www.tonerchiptec.com\/wp-content\/uploads\/2025\/07\/B310-8K-1.jpg\" alt=\"\" width=\"970\" height=\"815\" srcset=\"https:\/\/www.tonerchiptec.com\/wp-content\/uploads\/2025\/07\/B310-8K-1.jpg 970w, https:\/\/www.tonerchiptec.com\/wp-content\/uploads\/2025\/07\/B310-8K-1-300x252.jpg 300w, https:\/\/www.tonerchiptec.com\/wp-content\/uploads\/2025\/07\/B310-8K-1-768x645.jpg 768w, https:\/\/www.tonerchiptec.com\/wp-content\/uploads\/2025\/07\/B310-8K-1-14x12.jpg 14w, https:\/\/www.tonerchiptec.com\/wp-content\/uploads\/2025\/07\/B310-8K-1-600x504.jpg 600w\" sizes=\"(max-width: 970px) 100vw, 970px\" \/><img loading=\"lazy\" decoding=\"async\" class=\"aligncenter size-full wp-image-8381\" src=\"https:\/\/www.tonerchiptec.com\/wp-content\/uploads\/2025\/07\/\u5fae\u4fe1\u56fe\u7247_20250630144537.png\" alt=\"\" width=\"800\" height=\"800\" srcset=\"https:\/\/www.tonerchiptec.com\/wp-content\/uploads\/2025\/07\/\u5fae\u4fe1\u56fe\u7247_20250630144537.png 800w, https:\/\/www.tonerchiptec.com\/wp-content\/uploads\/2025\/07\/\u5fae\u4fe1\u56fe\u7247_20250630144537-300x300.png 300w, https:\/\/www.tonerchiptec.com\/wp-content\/uploads\/2025\/07\/\u5fae\u4fe1\u56fe\u7247_20250630144537-150x150.png 150w, https:\/\/www.tonerchiptec.com\/wp-content\/uploads\/2025\/07\/\u5fae\u4fe1\u56fe\u7247_20250630144537-768x768.png 768w, https:\/\/www.tonerchiptec.com\/wp-content\/uploads\/2025\/07\/\u5fae\u4fe1\u56fe\u7247_20250630144537-12x12.png 12w, https:\/\/www.tonerchiptec.com\/wp-content\/uploads\/2025\/07\/\u5fae\u4fe1\u56fe\u7247_20250630144537-600x600.png 600w, https:\/\/www.tonerchiptec.com\/wp-content\/uploads\/2025\/07\/\u5fae\u4fe1\u56fe\u7247_20250630144537-100x100.png 100w\" sizes=\"(max-width: 800px) 100vw, 800px\" \/><img loading=\"lazy\" decoding=\"async\" class=\"aligncenter size-full wp-image-8599\" src=\"https:\/\/www.tonerchiptec.com\/wp-content\/uploads\/2025\/07\/\u5fae\u4fe1\u56fe\u7247_20250808094151_13.png\" alt=\"\" width=\"800\" height=\"800\" srcset=\"https:\/\/www.tonerchiptec.com\/wp-content\/uploads\/2025\/07\/\u5fae\u4fe1\u56fe\u7247_20250808094151_13.png 800w, https:\/\/www.tonerchiptec.com\/wp-content\/uploads\/2025\/07\/\u5fae\u4fe1\u56fe\u7247_20250808094151_13-300x300.png 300w, https:\/\/www.tonerchiptec.com\/wp-content\/uploads\/2025\/07\/\u5fae\u4fe1\u56fe\u7247_20250808094151_13-150x150.png 150w, https:\/\/www.tonerchiptec.com\/wp-content\/uploads\/2025\/07\/\u5fae\u4fe1\u56fe\u7247_20250808094151_13-768x768.png 768w, https:\/\/www.tonerchiptec.com\/wp-content\/uploads\/2025\/07\/\u5fae\u4fe1\u56fe\u7247_20250808094151_13-12x12.png 12w, https:\/\/www.tonerchiptec.com\/wp-content\/uploads\/2025\/07\/\u5fae\u4fe1\u56fe\u7247_20250808094151_13-600x600.png 600w, https:\/\/www.tonerchiptec.com\/wp-content\/uploads\/2025\/07\/\u5fae\u4fe1\u56fe\u7247_20250808094151_13-100x100.png 100w\" sizes=\"(max-width: 800px) 100vw, 800px\" \/><br \/>\n<img loading=\"lazy\" decoding=\"async\" class=\"aligncenter size-full wp-image-8380\" src=\"https:\/\/www.tonerchiptec.com\/wp-content\/uploads\/2025\/07\/719Eh2zCLFL._AC_SX466_-1.jpg\" alt=\"\" width=\"800\" height=\"800\" srcset=\"https:\/\/www.tonerchiptec.com\/wp-content\/uploads\/2025\/07\/719Eh2zCLFL._AC_SX466_-1.jpg 800w, https:\/\/www.tonerchiptec.com\/wp-content\/uploads\/2025\/07\/719Eh2zCLFL._AC_SX466_-1-300x300.jpg 300w, https:\/\/www.tonerchiptec.com\/wp-content\/uploads\/2025\/07\/719Eh2zCLFL._AC_SX466_-1-150x150.jpg 150w, https:\/\/www.tonerchiptec.com\/wp-content\/uploads\/2025\/07\/719Eh2zCLFL._AC_SX466_-1-768x768.jpg 768w, https:\/\/www.tonerchiptec.com\/wp-content\/uploads\/2025\/07\/719Eh2zCLFL._AC_SX466_-1-12x12.jpg 12w, https:\/\/www.tonerchiptec.com\/wp-content\/uploads\/2025\/07\/719Eh2zCLFL._AC_SX466_-1-600x600.jpg 600w, https:\/\/www.tonerchiptec.com\/wp-content\/uploads\/2025\/07\/719Eh2zCLFL._AC_SX466_-1-100x100.jpg 100w\" sizes=\"(max-width: 800px) 100vw, 800px\" \/><\/p>\n<p>&nbsp;<\/p>","protected":false},"excerpt":{"rendered":"<p><strong><b>Nombre\uff1a<\/b><\/strong>B310 B315 B305 Negro<\/p>\n<p>Cartucho de t\u00f3ner (con chip) compatible con la impresora Xerox B305 B310 B315 Recambio para el cartucho de t\u00f3ner Xerox 006R04376 006R04377 006R04378<\/p>\n<p><strong><b>S<\/b><\/strong><strong><b>pecificaciones<\/b><\/strong>\uff1a<\/p>\n<table>\n<tbody>\n<tr>\n<td width=\"139\"><strong><b>Color<\/b><\/strong><\/td>\n<td width=\"393\">Negro<\/td>\n<\/tr>\n<tr>\n<td width=\"139\"><strong><b>Componentes incluidos<\/b><\/strong><\/td>\n<td width=\"393\">Cartucho de t\u00f3ner<\/td>\n<\/tr>\n<tr>\n<td width=\"139\"><strong><b>Dispositivos compatibles<\/b><\/strong><\/td>\n<td width=\"393\">Xerox B310\/DNI, Xerox B305\/DNI, Xerox B315\/DNI<\/td>\n<\/tr>\n<tr>\n<td width=\"139\"><strong><b>Opciones de compatibilidad<\/b><\/strong><\/td>\n<td width=\"393\">Compatible<\/td>\n<\/tr>\n<\/tbody>\n<\/table>\n<p>Contenido del paquete: 1Cartucho de t\u00f3ner negro B310\/B315\/B305 para cartucho de t\u00f3ner 006R04376 006R04377 006R04378<\/p>\n<p>Producci\u00f3n de p\u00e1ginas: 5000 p\u00e1ginas en negro (Carta\/A4, con una cobertura de 5%) en la impresora B305 B310 B315<\/p>\n<p>Compatible con los modelos de impresora: Impresora Xerox B305dni; Impresora Xerox B310dni; Impresora Xerox B315dni<\/p>\n<p>T\u00f3ner de alta calidad: no s\u00f3lo garantiza resultados de impresi\u00f3n muy precisos, sino que tambi\u00e9n prolonga eficazmente la vida \u00fatil de la impresora B305 B315 B310.<\/p>\n<p>Nuevo chip de actualizaci\u00f3n: Cada cartucho de t\u00f3ner negro B310 B315 B305 est\u00e1 equipado con un nuevo chip de actualizaci\u00f3n para garantizar la comodidad del usuario.<\/p>","protected":false},"featured_media":9440,"comment_status":"open","ping_status":"closed","template":"","meta":{"site-sidebar-layout":"default","site-content-layout":"","ast-site-content-layout":"default","site-content-style":"default","site-sidebar-style":"default","ast-global-header-display":"","ast-banner-title-visibility":"","ast-main-header-display":"","ast-hfb-above-header-display":"","ast-hfb-below-header-display":"","ast-hfb-mobile-header-display":"","site-post-title":"","ast-breadcrumbs-content":"","ast-featured-img":"","footer-sml-layout":"","theme-transparent-header-meta":"disabled","adv-header-id-meta":"","stick-header-meta":"","header-above-stick-meta":"","header-main-stick-meta":"","header-below-stick-meta":"","astra-migrate-meta-layouts":"set","ast-page-background-enabled":"default","ast-page-background-meta":{"desktop":{"background-color":"","background-image":"","background-repeat":"repeat","background-position":"center center","background-size":"auto","background-attachment":"scroll","background-type":"","background-media":"","overlay-type":"","overlay-color":"","overlay-opacity":"","overlay-gradient":""},"tablet":{"background-color":"","background-image":"","background-repeat":"repeat","background-position":"center center","background-size":"auto","background-attachment":"scroll","background-type":"","background-media":"","overlay-type":"","overlay-color":"","overlay-opacity":"","overlay-gradient":""},"mobile":{"background-color":"","background-image":"","background-repeat":"repeat","background-position":"center center","background-size":"auto","background-attachment":"scroll","background-type":"","background-media":"","overlay-type":"","overlay-color":"","overlay-opacity":"","overlay-gradient":""}},"ast-content-background-meta":{"desktop":{"background-color":"var(--ast-global-color-5)","background-image":"","background-repeat":"repeat","background-position":"center center","background-size":"auto","background-attachment":"scroll","background-type":"","background-media":"","overlay-type":"","overlay-color":"","overlay-opacity":"","overlay-gradient":""},"tablet":{"background-color":"var(--ast-global-color-5)","background-image":"","background-repeat":"repeat","background-position":"center center","background-size":"auto","background-attachment":"scroll","background-type":"","background-media":"","overlay-type":"","overlay-color":"","overlay-opacity":"","overlay-gradient":""},"mobile":{"background-color":"var(--ast-global-color-5)","background-image":"","background-repeat":"repeat","background-position":"center center","background-size":"auto","background-attachment":"scroll","background-type":"","background-media":"","overlay-type":"","overlay-color":"","overlay-opacity":"","overlay-gradient":""}}},"product_brand":[],"product_cat":[15,107],"product_tag":[],"class_list":{"0":"post-8377","1":"product","2":"type-product","3":"status-publish","4":"has-post-thumbnail","6":"product_cat-product","7":"product_cat-toner-cartridge","8":"desktop-align-left","9":"tablet-align-left","10":"mobile-align-left","11":"ast-product-gallery-layout-horizontal-slider","12":"ast-product-tabs-layout-horizontal","14":"first","15":"instock","16":"shipping-taxable","17":"product-type-simple"},"_links":{"self":[{"href":"https:\/\/www.tonerchiptec.com\/es\/wp-json\/wp\/v2\/product\/8377","targetHints":{"allow":["GET"]}}],"collection":[{"href":"https:\/\/www.tonerchiptec.com\/es\/wp-json\/wp\/v2\/product"}],"about":[{"href":"https:\/\/www.tonerchiptec.com\/es\/wp-json\/wp\/v2\/types\/product"}],"replies":[{"embeddable":true,"href":"https:\/\/www.tonerchiptec.com\/es\/wp-json\/wp\/v2\/comments?post=8377"}],"version-history":[{"count":2,"href":"https:\/\/www.tonerchiptec.com\/es\/wp-json\/wp\/v2\/product\/8377\/revisions"}],"predecessor-version":[{"id":9444,"href":"https:\/\/www.tonerchiptec.com\/es\/wp-json\/wp\/v2\/product\/8377\/revisions\/9444"}],"wp:featuredmedia":[{"embeddable":true,"href":"https:\/\/www.tonerchiptec.com\/es\/wp-json\/wp\/v2\/media\/9440"}],"wp:attachment":[{"href":"https:\/\/www.tonerchiptec.com\/es\/wp-json\/wp\/v2\/media?parent=8377"}],"wp:term":[{"taxonomy":"product_brand","embeddable":true,"href":"https:\/\/www.tonerchiptec.com\/es\/wp-json\/wp\/v2\/product_brand?post=8377"},{"taxonomy":"product_cat","embeddable":true,"href":"https:\/\/www.tonerchiptec.com\/es\/wp-json\/wp\/v2\/product_cat?post=8377"},{"taxonomy":"product_tag","embeddable":true,"href":"https:\/\/www.tonerchiptec.com\/es\/wp-json\/wp\/v2\/product_tag?post=8377"}],"curies":[{"name":"wp","href":"https:\/\/api.w.org\/{rel}","templated":true}]}}