{"id":414,"date":"2024-12-09T20:32:18","date_gmt":"2024-12-09T12:32:18","guid":{"rendered":"https:\/\/www.tonerchiptec.com\/contact-us\/"},"modified":"2025-12-14T09:41:30","modified_gmt":"2025-12-14T08:41:30","slug":"contact-us","status":"publish","type":"page","link":"https:\/\/www.tonerchiptec.com\/pt\/contact-us\/","title":{"rendered":"Entre em contato conosco"},"content":{"rendered":"<div data-elementor-type=\"wp-post\" data-elementor-id=\"414\" class=\"elementor elementor-414\" data-elementor-post-type=\"page\">\n\t\t\t\t<div class=\"elementor-element elementor-element-f9d7f2e e-flex e-con-boxed e-con e-parent\" data-id=\"f9d7f2e\" data-element_type=\"container\">\n\t\t\t\t\t<div class=\"e-con-inner\">\n\t\t\t\t<div class=\"elementor-element elementor-element-90d5dc5 elementor-widget__width-initial elementor-absolute elementor-widget elementor-widget-image\" data-id=\"90d5dc5\" data-element_type=\"widget\" data-settings=\"{&quot;_position&quot;:&quot;absolute&quot;}\" data-widget_type=\"image.default\">\n\t\t\t\t<div class=\"elementor-widget-container\">\n\t\t\t\t\t\t\t\t\t\t\t\t\t\t\t<img decoding=\"async\" src=\"https:\/\/www.tonerchiptec.com\/wp-content\/uploads\/2024\/12\/contactus-1-scaled.jpg\" title=\"\" alt=\"\" loading=\"lazy\" \/>\t\t\t\t\t\t\t\t\t\t\t\t\t\t\t<\/div>\n\t\t\t\t<\/div>\n\t\t\t\t\t<\/div>\n\t\t\t\t<\/div>\n\t\t<div class=\"elementor-element elementor-element-6887f53 e-con-full e-flex e-con e-parent\" data-id=\"6887f53\" data-element_type=\"container\">\n\t\t\t\t<div class=\"elementor-element elementor-element-efbbec8 elementor-widget elementor-widget-image\" data-id=\"efbbec8\" data-element_type=\"widget\" data-widget_type=\"image.default\">\n\t\t\t\t<div class=\"elementor-widget-container\">\n\t\t\t\t\t\t\t\t\t\t\t\t\t\t\t<img fetchpriority=\"high\" decoding=\"async\" width=\"2560\" height=\"800\" src=\"https:\/\/www.tonerchiptec.com\/wp-content\/uploads\/2025\/06\/contact1-scaled.jpg\" class=\"attachment-full size-full wp-image-7880\" alt=\"\" srcset=\"https:\/\/www.tonerchiptec.com\/wp-content\/uploads\/2025\/06\/contact1-scaled.jpg 2560w, https:\/\/www.tonerchiptec.com\/wp-content\/uploads\/2025\/06\/contact1-300x94.jpg 300w, https:\/\/www.tonerchiptec.com\/wp-content\/uploads\/2025\/06\/contact1-1024x320.jpg 1024w, https:\/\/www.tonerchiptec.com\/wp-content\/uploads\/2025\/06\/contact1-768x240.jpg 768w, https:\/\/www.tonerchiptec.com\/wp-content\/uploads\/2025\/06\/contact1-1536x480.jpg 1536w, https:\/\/www.tonerchiptec.com\/wp-content\/uploads\/2025\/06\/contact1-2048x640.jpg 2048w, https:\/\/www.tonerchiptec.com\/wp-content\/uploads\/2025\/06\/contact1-18x6.jpg 18w, https:\/\/www.tonerchiptec.com\/wp-content\/uploads\/2025\/06\/contact1-600x188.jpg 600w\" sizes=\"(max-width: 2560px) 100vw, 2560px\" \/>\t\t\t\t\t\t\t\t\t\t\t\t\t\t\t<\/div>\n\t\t\t\t<\/div>\n\t\t\t\t<\/div>\n\t\t<div class=\"elementor-element elementor-element-7f18638 e-con-full e-flex e-con e-parent\" data-id=\"7f18638\" data-element_type=\"container\" data-settings=\"{&quot;background_background&quot;:&quot;gradient&quot;}\">\n\t\t<div class=\"elementor-element elementor-element-3d4ce27 e-con-full e-flex e-con e-child\" data-id=\"3d4ce27\" data-element_type=\"container\" data-settings=\"{&quot;background_background&quot;:&quot;classic&quot;}\">\n\t\t\t\t<div class=\"elementor-element elementor-element-0238b81 elementor-widget elementor-widget-heading\" data-id=\"0238b81\" data-element_type=\"widget\" data-widget_type=\"heading.default\">\n\t\t\t\t<div class=\"elementor-widget-container\">\n\t\t\t\t\t<h2 class=\"elementor-heading-title elementor-size-default\">Contato<\/h2>\t\t\t\t<\/div>\n\t\t\t\t<\/div>\n\t\t\t\t<div class=\"elementor-element elementor-element-2e18bdf elementor-widget__width-initial elementor-widget-mobile__width-initial elementor-widget elementor-widget-shortcode\" data-id=\"2e18bdf\" data-element_type=\"widget\" data-widget_type=\"shortcode.default\">\n\t\t\t\t<div class=\"elementor-widget-container\">\n\t\t\t\t\t\t\t<div class=\"elementor-shortcode\"><div class=\"wpforms-container\" id=\"wpforms-15\"><form id=\"wpforms-form-15\" class=\"wpforms-validate wpforms-form\" data-formid=\"15\" method=\"post\" enctype=\"multipart\/form-data\" action=\"\/pt\/wp-json\/wp\/v2\/pages\/414\" data-token=\"18662022c57c3fb7056fca1ff75fae49\" data-trp-original-action=\"\/pt\/wp-json\/wp\/v2\/pages\/414\"><noscript class=\"wpforms-error-noscript\">Ative o JavaScript no seu navegador para preencher este formul\u00e1rio.<\/noscript><div class=\"wpforms-field-container\"><div id=\"wpforms-15-field_0-container\" class=\"wpforms-field wpforms-field-name\" data-field-id=\"0\"><label class=\"wpforms-field-label\" for=\"wpforms-15-field_0\">Nome <span class=\"wpforms-required-label\">*<\/span><\/label><input type=\"text\" id=\"wpforms-15-field_0\" class=\"wpforms-field-large wpforms-field-required\" name=\"wpforms[fields][0]\" placeholder=\"NOME\" required><\/div><div id=\"wpforms-15-field_5-container\" class=\"wpforms-field wpforms-field-text\" data-field-id=\"5\"><label class=\"wpforms-field-label\" for=\"wpforms-15-field_5\">Texto de linha \u00fanica<\/label><input type=\"text\" id=\"wpforms-15-field_5\" class=\"wpforms-field-large\" name=\"wpforms[fields][5]\" placeholder=\"ASSUNTO\" ><\/div><div id=\"wpforms-15-field_4-container\" class=\"wpforms-field wpforms-field-email\" data-field-id=\"4\"><label class=\"wpforms-field-label\" for=\"wpforms-15-field_4\">E-mail <span class=\"wpforms-required-label\">*<\/span><\/label><input type=\"email\" id=\"wpforms-15-field_4\" class=\"wpforms-field-large wpforms-field-required\" name=\"wpforms[fields][4]\" placeholder=\"EMAIL\" spellcheck=\"false\" required><\/div><div id=\"wpforms-15-field_2-container\" class=\"wpforms-field wpforms-field-textarea\" data-field-id=\"2\"><label class=\"wpforms-field-label\" for=\"wpforms-15-field_2\">Coment\u00e1rio ou mensagem <span class=\"wpforms-required-label\">*<\/span><\/label><textarea id=\"wpforms-15-field_2\" class=\"wpforms-field-medium wpforms-field-required\" name=\"wpforms[fields][2]\" placeholder=\"MENSAGEM\" required><\/textarea><\/div><div id=\"wpforms-15-field_6-container\" class=\"wpforms-field wpforms-field-captcha\" data-field-id=\"6\"><label class=\"wpforms-field-label\" for=\"wpforms-15-field_6\">Captcha personalizado <span class=\"wpforms-required-label\">*<\/span><\/label>\t\t\t<div class=\"wpforms-captcha-math\">\n\t\t\t\t<span id=\"wpforms-15-field_6-question\" class=\"wpforms-captcha-equation\">\n\t\t\t\t\t<span class=\"n1\">12<\/span>\n\t\t\t\t\t\t\t<span class=\"cal\">+<\/span>\n\t\t\t\t\t\t\t<span class=\"n2\">9<\/span>\t\t\t\t\t<span class=\"e\">=<\/span>\n\t\t\t\t<\/span>\n\t\t\t\t<input type=\"text\" id=\"wpforms-15-field_6\" class=\"wpforms-field-medium wpforms-field-required a\" data-rule-wpf-captcha=\"math\" data-is-wrapped-field=\"1\" name=\"wpforms[fields][6][a]\" aria-describedby=\"wpforms-15-field_6-question\" required>\t\t\t\t<input type=\"hidden\" name=\"wpforms[fields][6][cal]\" class=\"cal\">\n\t\t\t\t<input type=\"hidden\" name=\"wpforms[fields][6][n2]\" class=\"n2\">\n\t\t\t\t<input type=\"hidden\" name=\"wpforms[fields][6][n1]\" class=\"n1\">\n\t\t\t<\/div>\n\t\t\t<\/div><\/div><!-- .wpforms-field-container --><div class=\"wpforms-field wpforms-field-hp\"><label for=\"wpforms-15-field-hp\" class=\"wpforms-field-label\">E-mail<\/label><input type=\"text\" name=\"wpforms[hp]\" id=\"wpforms-15-field-hp\" class=\"wpforms-field-medium\"><\/div><div class=\"wpforms-submit-container\" ><input type=\"hidden\" name=\"wpforms[id]\" value=\"15\"><input type=\"hidden\" name=\"wpforms[author]\" value=\"1\"><button type=\"submit\" name=\"wpforms[submit]\" id=\"wpforms-submit-15\" class=\"wpforms-submit\" data-alt-text=\"Sending...\" data-submit-text=\"Send Message\" aria-live=\"assertive\" value=\"wpforms-submit\">Enviar mensagem<\/button><\/div><input type=\"hidden\" name=\"trp-form-language\" value=\"pt\"\/><\/form><\/div>  <!-- .wpforms-container --><\/div>\n\t\t\t\t\t\t<\/div>\n\t\t\t\t<\/div>\n\t\t\t\t<\/div>\n\t\t<div class=\"elementor-element elementor-element-9050820 e-con-full e-flex e-con e-child\" data-id=\"9050820\" data-element_type=\"container\">\n\t\t\t\t<div class=\"elementor-element elementor-element-53f0a25 elementor-widget__width-initial elementor-widget elementor-widget-text-editor\" data-id=\"53f0a25\" data-element_type=\"widget\" data-widget_type=\"text-editor.default\">\n\t\t\t\t<div class=\"elementor-widget-container\">\n\t\t\t\t\t\t\t\t\t<p style=\"font-size: 20px; text-align: left;\">A Honryn \u00e9 uma empresa de alta tecnologia especializada em pesquisa e desenvolvimento, produ\u00e7\u00e3o, vendas e servi\u00e7os de consum\u00edveis para impressoras. A principal produ\u00e7\u00e3o de chip, correspond\u00eancia de produto acabado de cartucho de toner, toner e outros consum\u00edveis.<\/p>\t\t\t\t\t\t\t\t<\/div>\n\t\t\t\t<\/div>\n\t\t<div class=\"elementor-element elementor-element-567545a e-con-full e-flex e-con e-child\" data-id=\"567545a\" data-element_type=\"container\">\n\t\t\t\t<div class=\"elementor-element elementor-element-17f2582 elementor-widget__width-initial elementor-widget-mobile__width-initial elementor-widget-tablet__width-initial elementor-widget elementor-widget-text-editor\" data-id=\"17f2582\" data-element_type=\"widget\" data-widget_type=\"text-editor.default\">\n\t\t\t\t<div class=\"elementor-widget-container\">\n\t\t\t\t\t\t\t\t\t<table><tbody><tr><td width=\"550\" height=\"30\"><img decoding=\"async\" src=\"https:\/\/www.tonerchiptec.com\/wp-content\/uploads\/2025\/06\/contactus1-1.jpg\" alt=\"\" width=\"33\" height=\"34\" \/>\u00a0 \u00a0 Lucas<\/td><\/tr><tr><td width=\"550\"><img decoding=\"async\" src=\"https:\/\/www.tonerchiptec.com\/wp-content\/uploads\/2025\/06\/contactus2.jpg\" alt=\"\" width=\"34\" height=\"34\" \/>\u00a0 \u00a0 +86\u00a0<span style=\"font-style: inherit; font-weight: inherit; text-align: var(--text-align); background-color: transparent; color: var(--ast-global-color-3);\">13612216879<\/span><\/td><\/tr><tr><td width=\"550\"><img loading=\"lazy\" decoding=\"async\" src=\"https:\/\/www.tonerchiptec.com\/wp-content\/uploads\/2025\/06\/contactus3.jpg\" alt=\"\" width=\"35\" height=\"34\" \/>\u00a0 \u00a0 +86 13612216879<br \/><img loading=\"lazy\" decoding=\"async\" class=\"aligncenter\" src=\"https:\/\/www.tonerchiptec.com\/wp-content\/uploads\/2025\/07\/chipwhatsapp.jpg\" alt=\"\" width=\"127\" height=\"128\" \/><\/td><\/tr><tr><td width=\"550\"><img loading=\"lazy\" decoding=\"async\" src=\"https:\/\/www.tonerchiptec.com\/wp-content\/uploads\/2025\/06\/contactus4.jpg\" alt=\"\" width=\"34\" height=\"35\" \/>\u00a0 \u00a0\u00a0<a href=\"https:\/\/www.tonerchiptec.com\/pt\/\">www.tonerchiptec.com<\/a><\/td><\/tr><tr><td width=\"550\"><img loading=\"lazy\" decoding=\"async\" src=\"https:\/\/www.tonerchiptec.com\/wp-content\/uploads\/2025\/06\/contactus5.jpg\" alt=\"\" width=\"34\" height=\"35\" \/>\u00a0<p><a href=\"mailto:honrynyona@gmail.com\"><u>honryntec@gmail.com<\/u><\/a><\/p><p><a href=\"mailto:honrynyona@gmail.com\"><u>honrynyona@gmail.com<\/u><\/a><\/p><\/td><\/tr><tr><td width=\"550\"><img loading=\"lazy\" decoding=\"async\" src=\"https:\/\/www.tonerchiptec.com\/wp-content\/uploads\/2025\/06\/contactus6.jpg\" alt=\"\" width=\"35\" height=\"20\" \/>\u00a0 \u00a0 Room 506, Building 1, No. 257, West Golden Coast Avenue, Sanzao Town, Jinwan District, Zhuhai City, Guangdong Province<\/td><\/tr><\/tbody><\/table>\t\t\t\t\t\t\t\t<\/div>\n\t\t\t\t<\/div>\n\t\t\t\t<\/div>\n\t\t\t\t<\/div>\n\t\t\t\t<\/div>\n\t\t<div class=\"elementor-element elementor-element-c25de09 e-con-full e-flex e-con e-parent\" data-id=\"c25de09\" data-element_type=\"container\" data-settings=\"{&quot;background_background&quot;:&quot;gradient&quot;}\">\n\t\t<div class=\"elementor-element elementor-element-653765c e-con-full e-flex e-con e-child\" data-id=\"653765c\" data-element_type=\"container\">\n\t\t\t\t<div class=\"elementor-element elementor-element-4e8c8f3 elementor-widget elementor-widget-image\" data-id=\"4e8c8f3\" data-element_type=\"widget\" data-widget_type=\"image.default\">\n\t\t\t\t<div class=\"elementor-widget-container\">\n\t\t\t\t\t\t\t\t\t\t\t\t\t\t\t<img loading=\"lazy\" decoding=\"async\" width=\"1328\" height=\"1328\" src=\"https:\/\/www.tonerchiptec.com\/wp-content\/uploads\/2025\/06\/zfx1.jpg\" class=\"attachment-full size-full wp-image-7873\" alt=\"\" srcset=\"https:\/\/www.tonerchiptec.com\/wp-content\/uploads\/2025\/06\/zfx1.jpg 1328w, https:\/\/www.tonerchiptec.com\/wp-content\/uploads\/2025\/06\/zfx1-300x300.jpg 300w, https:\/\/www.tonerchiptec.com\/wp-content\/uploads\/2025\/06\/zfx1-1024x1024.jpg 1024w, https:\/\/www.tonerchiptec.com\/wp-content\/uploads\/2025\/06\/zfx1-150x150.jpg 150w, https:\/\/www.tonerchiptec.com\/wp-content\/uploads\/2025\/06\/zfx1-768x768.jpg 768w, https:\/\/www.tonerchiptec.com\/wp-content\/uploads\/2025\/06\/zfx1-12x12.jpg 12w, https:\/\/www.tonerchiptec.com\/wp-content\/uploads\/2025\/06\/zfx1-600x600.jpg 600w, https:\/\/www.tonerchiptec.com\/wp-content\/uploads\/2025\/06\/zfx1-100x100.jpg 100w\" sizes=\"(max-width: 1328px) 100vw, 1328px\" \/>\t\t\t\t\t\t\t\t\t\t\t\t\t\t\t<\/div>\n\t\t\t\t<\/div>\n\t\t\t\t<div class=\"elementor-element elementor-element-0c8e0fb elementor-widget__width-initial elementor-widget elementor-widget-text-editor\" data-id=\"0c8e0fb\" data-element_type=\"widget\" data-widget_type=\"text-editor.default\">\n\t\t\t\t<div class=\"elementor-widget-container\">\n\t\t\t\t\t\t\t\t\t<h3 class=\"card-title display-3 mb-3\" style=\"text-align: center;\"><strong>Primeira classe <\/strong>\u00a0tecnologia<\/h3><div class=\"card-text\"><p style=\"text-align: left;\">Com for\u00e7a t\u00e9cnica de ponta, proficiente em inova\u00e7\u00e3o de tecnologia de ponta e constru\u00e7\u00e3o de sistemas complexos, o projeto de solu\u00e7\u00f5es equilibra vis\u00e3o de futuro e viabilidade, resolve com efici\u00eancia os problemas do setor e se torna uma refer\u00eancia no setor.<\/p><\/div>\t\t\t\t\t\t\t\t<\/div>\n\t\t\t\t<\/div>\n\t\t\t\t<\/div>\n\t\t<div class=\"elementor-element elementor-element-de717af e-con-full e-flex e-con e-child\" data-id=\"de717af\" data-element_type=\"container\">\n\t\t\t\t<div class=\"elementor-element elementor-element-f7a973a elementor-widget elementor-widget-image\" data-id=\"f7a973a\" data-element_type=\"widget\" data-widget_type=\"image.default\">\n\t\t\t\t<div class=\"elementor-widget-container\">\n\t\t\t\t\t\t\t\t\t\t\t\t\t\t\t<img loading=\"lazy\" decoding=\"async\" width=\"1328\" height=\"1328\" src=\"https:\/\/www.tonerchiptec.com\/wp-content\/uploads\/2025\/06\/zfx3.jpg\" class=\"attachment-full size-full wp-image-7871\" alt=\"\" srcset=\"https:\/\/www.tonerchiptec.com\/wp-content\/uploads\/2025\/06\/zfx3.jpg 1328w, https:\/\/www.tonerchiptec.com\/wp-content\/uploads\/2025\/06\/zfx3-300x300.jpg 300w, https:\/\/www.tonerchiptec.com\/wp-content\/uploads\/2025\/06\/zfx3-1024x1024.jpg 1024w, https:\/\/www.tonerchiptec.com\/wp-content\/uploads\/2025\/06\/zfx3-150x150.jpg 150w, https:\/\/www.tonerchiptec.com\/wp-content\/uploads\/2025\/06\/zfx3-768x768.jpg 768w, https:\/\/www.tonerchiptec.com\/wp-content\/uploads\/2025\/06\/zfx3-12x12.jpg 12w, https:\/\/www.tonerchiptec.com\/wp-content\/uploads\/2025\/06\/zfx3-600x600.jpg 600w, https:\/\/www.tonerchiptec.com\/wp-content\/uploads\/2025\/06\/zfx3-100x100.jpg 100w\" sizes=\"(max-width: 1328px) 100vw, 1328px\" \/>\t\t\t\t\t\t\t\t\t\t\t\t\t\t\t<\/div>\n\t\t\t\t<\/div>\n\t\t\t\t<div class=\"elementor-element elementor-element-00215cc elementor-widget__width-initial elementor-widget elementor-widget-text-editor\" data-id=\"00215cc\" data-element_type=\"widget\" data-widget_type=\"text-editor.default\">\n\t\t\t\t<div class=\"elementor-widget-container\">\n\t\t\t\t\t\t\t\t\t<h3 class=\"card-title display-3 mb-3\" style=\"text-align: center;\"><strong>Qualidade de primeira classe<\/strong>\u00a0<\/h3><div class=\"card-text\"><p style=\"text-align: left;\">Com a qualidade chegando ao extremo, a sele\u00e7\u00e3o cuidadosa de materiais de alta qualidade, o trabalho artesanal requintado, o controle de qualidade preciso em todo o processo, o desempenho est\u00e1vel e excelente, os detalhes perfeitos, definindo a refer\u00eancia de qualidade do setor.<\/p><\/div>\t\t\t\t\t\t\t\t<\/div>\n\t\t\t\t<\/div>\n\t\t\t\t<\/div>\n\t\t<div class=\"elementor-element elementor-element-bbd9fa0 e-con-full e-flex e-con e-child\" data-id=\"bbd9fa0\" data-element_type=\"container\">\n\t\t\t\t<div class=\"elementor-element elementor-element-5a1e751 elementor-widget elementor-widget-image\" data-id=\"5a1e751\" data-element_type=\"widget\" data-widget_type=\"image.default\">\n\t\t\t\t<div class=\"elementor-widget-container\">\n\t\t\t\t\t\t\t\t\t\t\t\t\t\t\t<img loading=\"lazy\" decoding=\"async\" width=\"1328\" height=\"1328\" src=\"https:\/\/www.tonerchiptec.com\/wp-content\/uploads\/2025\/06\/zfx2.jpg\" class=\"attachment-full size-full wp-image-7872\" alt=\"\" srcset=\"https:\/\/www.tonerchiptec.com\/wp-content\/uploads\/2025\/06\/zfx2.jpg 1328w, https:\/\/www.tonerchiptec.com\/wp-content\/uploads\/2025\/06\/zfx2-300x300.jpg 300w, https:\/\/www.tonerchiptec.com\/wp-content\/uploads\/2025\/06\/zfx2-1024x1024.jpg 1024w, https:\/\/www.tonerchiptec.com\/wp-content\/uploads\/2025\/06\/zfx2-150x150.jpg 150w, https:\/\/www.tonerchiptec.com\/wp-content\/uploads\/2025\/06\/zfx2-768x768.jpg 768w, https:\/\/www.tonerchiptec.com\/wp-content\/uploads\/2025\/06\/zfx2-12x12.jpg 12w, https:\/\/www.tonerchiptec.com\/wp-content\/uploads\/2025\/06\/zfx2-600x600.jpg 600w, https:\/\/www.tonerchiptec.com\/wp-content\/uploads\/2025\/06\/zfx2-100x100.jpg 100w\" sizes=\"(max-width: 1328px) 100vw, 1328px\" \/>\t\t\t\t\t\t\t\t\t\t\t\t\t\t\t<\/div>\n\t\t\t\t<\/div>\n\t\t\t\t<div class=\"elementor-element elementor-element-54fa9ba elementor-widget__width-initial elementor-widget elementor-widget-text-editor\" data-id=\"54fa9ba\" data-element_type=\"widget\" data-widget_type=\"text-editor.default\">\n\t\t\t\t<div class=\"elementor-widget-container\">\n\t\t\t\t\t\t\t\t\t<h3 class=\"card-title display-3 mb-3\" style=\"text-align: center;\"><strong>Servi\u00e7o de primeira classe<\/strong><\/h3><div class=\"card-text\"><p style=\"text-align: left;\">Com um servi\u00e7o extremamente atencioso, priorizando os clientes e fazendo o acompanhamento durante todo o processo, respondendo de forma r\u00e1pida e eficiente, as equipes profissionais atendem \u00e0s necessidades com precis\u00e3o, cuidando de cada detalhe meticulosamente, estabelecendo uma refer\u00eancia no setor de servi\u00e7os.<\/p><\/div>\t\t\t\t\t\t\t\t<\/div>\n\t\t\t\t<\/div>\n\t\t\t\t<\/div>\n\t\t\t\t<\/div>\n\t\t\t\t<\/div>","protected":false},"excerpt":{"rendered":"<p>Contact Honryn is a high-tech enterprise specializing in the research and development, production, sales and service of printer consumables. The main production of chip,Toner cartridge finished product matching,toner and other consumables. \u00a0 \u00a0 Luke \u00a0 \u00a0 +86\u00a013612216879 \u00a0 \u00a0 +86 13612216879 \u00a0 \u00a0\u00a0www.tonerchiptec.com \u00a0 honryntec@gmail.com honrynyona@gmail.com \u00a0 \u00a0 Room 506, Building 1, No. 257, West [&hellip;]<\/p>","protected":false},"author":1,"featured_media":0,"parent":0,"menu_order":0,"comment_status":"closed","ping_status":"closed","template":"","meta":{"site-sidebar-layout":"no-sidebar","site-content-layout":"page-builder","ast-site-content-layout":"full-width-container","site-content-style":"unboxed","site-sidebar-style":"unboxed","ast-global-header-display":"","ast-banner-title-visibility":"","ast-main-header-display":"","ast-hfb-above-header-display":"","ast-hfb-below-header-display":"","ast-hfb-mobile-header-display":"","site-post-title":"disabled","ast-breadcrumbs-content":"","ast-featured-img":"disabled","footer-sml-layout":"","theme-transparent-header-meta":"enabled","adv-header-id-meta":"","stick-header-meta":"","header-above-stick-meta":"","header-main-stick-meta":"","header-below-stick-meta":"","astra-migrate-meta-layouts":"set","ast-page-background-enabled":"default","ast-page-background-meta":{"desktop":{"background-color":"","background-image":"","background-repeat":"repeat","background-position":"center center","background-size":"auto","background-attachment":"scroll","background-type":"","background-media":"","overlay-type":"","overlay-color":"","overlay-opacity":"","overlay-gradient":""},"tablet":{"background-color":"","background-image":"","background-repeat":"repeat","background-position":"center center","background-size":"auto","background-attachment":"scroll","background-type":"","background-media":"","overlay-type":"","overlay-color":"","overlay-opacity":"","overlay-gradient":""},"mobile":{"background-color":"","background-image":"","background-repeat":"repeat","background-position":"center center","background-size":"auto","background-attachment":"scroll","background-type":"","background-media":"","overlay-type":"","overlay-color":"","overlay-opacity":"","overlay-gradient":""}},"ast-content-background-meta":{"desktop":{"background-color":"var(--ast-global-color-5)","background-image":"","background-repeat":"repeat","background-position":"center center","background-size":"auto","background-attachment":"scroll","background-type":"","background-media":"","overlay-type":"","overlay-color":"","overlay-opacity":"","overlay-gradient":""},"tablet":{"background-color":"var(--ast-global-color-5)","background-image":"","background-repeat":"repeat","background-position":"center center","background-size":"auto","background-attachment":"scroll","background-type":"","background-media":"","overlay-type":"","overlay-color":"","overlay-opacity":"","overlay-gradient":""},"mobile":{"background-color":"var(--ast-global-color-5)","background-image":"","background-repeat":"repeat","background-position":"center center","background-size":"auto","background-attachment":"scroll","background-type":"","background-media":"","overlay-type":"","overlay-color":"","overlay-opacity":"","overlay-gradient":""}},"footnotes":""},"class_list":["post-414","page","type-page","status-publish","hentry"],"_links":{"self":[{"href":"https:\/\/www.tonerchiptec.com\/pt\/wp-json\/wp\/v2\/pages\/414","targetHints":{"allow":["GET"]}}],"collection":[{"href":"https:\/\/www.tonerchiptec.com\/pt\/wp-json\/wp\/v2\/pages"}],"about":[{"href":"https:\/\/www.tonerchiptec.com\/pt\/wp-json\/wp\/v2\/types\/page"}],"author":[{"embeddable":true,"href":"https:\/\/www.tonerchiptec.com\/pt\/wp-json\/wp\/v2\/users\/1"}],"replies":[{"embeddable":true,"href":"https:\/\/www.tonerchiptec.com\/pt\/wp-json\/wp\/v2\/comments?post=414"}],"version-history":[{"count":6,"href":"https:\/\/www.tonerchiptec.com\/pt\/wp-json\/wp\/v2\/pages\/414\/revisions"}],"predecessor-version":[{"id":9297,"href":"https:\/\/www.tonerchiptec.com\/pt\/wp-json\/wp\/v2\/pages\/414\/revisions\/9297"}],"wp:attachment":[{"href":"https:\/\/www.tonerchiptec.com\/pt\/wp-json\/wp\/v2\/media?parent=414"}],"curies":[{"name":"wp","href":"https:\/\/api.w.org\/{rel}","templated":true}]}}