{"id":43,"date":"2024-12-09T20:32:16","date_gmt":"2024-12-09T12:32:16","guid":{"rendered":"https:\/\/www.tonerchiptec.com\/about\/"},"modified":"2025-08-13T09:50:54","modified_gmt":"2025-08-13T01:50:54","slug":"about","status":"publish","type":"page","link":"https:\/\/www.tonerchiptec.com\/pt\/about\/","title":{"rendered":"Sobre"},"content":{"rendered":"<div data-elementor-type=\"wp-post\" data-elementor-id=\"43\" class=\"elementor elementor-43\" data-elementor-post-type=\"page\">\n\t\t\t\t<div class=\"elementor-element elementor-element-99b8833 e-con-full e-flex e-con e-parent\" data-id=\"99b8833\" data-element_type=\"container\">\n\t\t\t\t<div class=\"elementor-element elementor-element-35a1815 elementor-widget elementor-widget-image\" data-id=\"35a1815\" data-element_type=\"widget\" data-widget_type=\"image.default\">\n\t\t\t\t<div class=\"elementor-widget-container\">\n\t\t\t\t\t\t\t\t\t\t\t\t\t\t\t<img fetchpriority=\"high\" decoding=\"async\" width=\"2560\" height=\"800\" src=\"https:\/\/www.tonerchiptec.com\/wp-content\/uploads\/2025\/06\/about1-2-scaled.jpg\" class=\"attachment-full size-full wp-image-7884\" alt=\"\" srcset=\"https:\/\/www.tonerchiptec.com\/wp-content\/uploads\/2025\/06\/about1-2-scaled.jpg 2560w, https:\/\/www.tonerchiptec.com\/wp-content\/uploads\/2025\/06\/about1-2-300x94.jpg 300w, https:\/\/www.tonerchiptec.com\/wp-content\/uploads\/2025\/06\/about1-2-1024x320.jpg 1024w, https:\/\/www.tonerchiptec.com\/wp-content\/uploads\/2025\/06\/about1-2-768x240.jpg 768w, https:\/\/www.tonerchiptec.com\/wp-content\/uploads\/2025\/06\/about1-2-1536x480.jpg 1536w, https:\/\/www.tonerchiptec.com\/wp-content\/uploads\/2025\/06\/about1-2-2048x640.jpg 2048w, https:\/\/www.tonerchiptec.com\/wp-content\/uploads\/2025\/06\/about1-2-18x6.jpg 18w, https:\/\/www.tonerchiptec.com\/wp-content\/uploads\/2025\/06\/about1-2-600x188.jpg 600w\" sizes=\"(max-width: 2560px) 100vw, 2560px\" \/>\t\t\t\t\t\t\t\t\t\t\t\t\t\t\t<\/div>\n\t\t\t\t<\/div>\n\t\t\t\t<\/div>\n\t\t<div class=\"elementor-element elementor-element-102237c e-flex e-con-boxed e-con e-parent\" data-id=\"102237c\" data-element_type=\"container\">\n\t\t\t\t\t<div class=\"e-con-inner\">\n\t\t<div class=\"elementor-element elementor-element-2b6d977 e-con-full e-flex e-con e-child\" data-id=\"2b6d977\" data-element_type=\"container\">\n\t\t<div class=\"elementor-element elementor-element-2c39e47 e-con-full e-flex e-con e-child\" data-id=\"2c39e47\" data-element_type=\"container\">\n\t\t<div class=\"elementor-element elementor-element-146bfe2 e-con-full e-flex e-con e-child\" data-id=\"146bfe2\" data-element_type=\"container\">\n\t\t\t\t<div class=\"elementor-element elementor-element-ab0c5b2 elementor-widget elementor-widget-text-editor\" data-id=\"ab0c5b2\" data-element_type=\"widget\" data-widget_type=\"text-editor.default\">\n\t\t\t\t<div class=\"elementor-widget-container\">\n\t\t\t\t\t\t\t\t\t<div class=\"ny_all\">\n<div class=\"container\">\n<div class=\"ny_right\">\n<div class=\"ny_about_info\">\n<p style=\"font-size: 22px; line-height: 2;\">A Honryn est\u00e1 localizada em Zhuhai, com capital registrado de 1 milh\u00e3o de yuans, e investiu em tr\u00eas f\u00e1bricas de alta tecnologia com produ\u00e7\u00e3o automatizada, cobrindo uma \u00e1rea total de 3.000 metros quadrados. Os produtos s\u00e3o exportados para a Europa, Am\u00e9rica, Austr\u00e1lia e outros mais de 100 pa\u00edses e regi\u00f5es;<br><span style=\"font-style: inherit; font-weight: inherit; color: var(--ast-global-color-3);\">&nbsp; &nbsp;A Honryn \u00e9 uma empresa de alta tecnologia especializada em pesquisa e desenvolvimento, produ\u00e7\u00e3o, vendas e servi\u00e7os de consum\u00edveis para impressoras. A principal produ\u00e7\u00e3o de chip, correspond\u00eancia de produto acabado de cartucho de toner, toner e outros consum\u00edveis. Os produtos incluem produtos compat\u00edveis com Xerox, Fuji, Canon, HP, Lexmark, Brother e a maioria dos outros fabricantes de impressoras. Por meio de pesquisa e desenvolvimento independentes de chips de alto valor da Lexmark, Xerox, Fuji e outros fabricantes impopulares, por meio de testes e otimiza\u00e7\u00e3o rigorosos, nossas solu\u00e7\u00f5es de chips propriet\u00e1rios entraram com sucesso nos mercados internacionais, incluindo a Europa e o Sudeste Asi\u00e1tico, ganhando amplo reconhecimento dos clientes.  O esp\u00edrito da empresa de filosofia de gerenciamento \"orientado para as pessoas, desenvolvimento comum\", segue o caminho da inova\u00e7\u00e3o cient\u00edfica e tecnol\u00f3gica para explorar mercados nacionais e estrangeiros, tornando-se um fornecedor de produtos empresariais de classe mundial.<\/span><\/p>\n<\/div>\n<\/div>\n<\/div>\n<\/div>\t\t\t\t\t\t\t\t<\/div>\n\t\t\t\t<\/div>\n\t\t\t\t<\/div>\n\t\t\t\t<\/div>\n\t\t<div class=\"elementor-element elementor-element-e395e41 e-con-full e-flex e-con e-child\" data-id=\"e395e41\" data-element_type=\"container\">\n\t\t\t\t<div class=\"elementor-element elementor-element-bf40199 elementor-widget elementor-widget-image\" data-id=\"bf40199\" data-element_type=\"widget\" data-widget_type=\"image.default\">\n\t\t\t\t<div class=\"elementor-widget-container\">\n\t\t\t\t\t\t\t\t\t\t\t\t\t\t\t<img decoding=\"async\" width=\"768\" height=\"1024\" src=\"https:\/\/www.tonerchiptec.com\/wp-content\/uploads\/2025\/07\/aboutr-1-768x1024.jpg\" class=\"attachment-large size-large wp-image-8085\" alt=\"\" srcset=\"https:\/\/www.tonerchiptec.com\/wp-content\/uploads\/2025\/07\/aboutr-1-768x1024.jpg 768w, https:\/\/www.tonerchiptec.com\/wp-content\/uploads\/2025\/07\/aboutr-1-225x300.jpg 225w, https:\/\/www.tonerchiptec.com\/wp-content\/uploads\/2025\/07\/aboutr-1-9x12.jpg 9w, https:\/\/www.tonerchiptec.com\/wp-content\/uploads\/2025\/07\/aboutr-1-300x400.jpg 300w, https:\/\/www.tonerchiptec.com\/wp-content\/uploads\/2025\/07\/aboutr-1-600x800.jpg 600w, https:\/\/www.tonerchiptec.com\/wp-content\/uploads\/2025\/07\/aboutr-1.jpg 1080w\" sizes=\"(max-width: 768px) 100vw, 768px\" \/>\t\t\t\t\t\t\t\t\t\t\t\t\t\t\t<\/div>\n\t\t\t\t<\/div>\n\t\t\t\t<\/div>\n\t\t\t\t<\/div>\n\t\t\t\t\t<\/div>\n\t\t\t\t<\/div>\n\t\t<div class=\"elementor-element elementor-element-3d6930e e-flex e-con-boxed e-con e-parent\" data-id=\"3d6930e\" data-element_type=\"container\">\n\t\t\t\t\t<div class=\"e-con-inner\">\n\t\t<div class=\"elementor-element elementor-element-f42dd82 e-con-full e-flex e-con e-child\" data-id=\"f42dd82\" data-element_type=\"container\">\n\t\t\t\t<div class=\"elementor-element elementor-element-2f2709c elementor-widget elementor-widget-image\" data-id=\"2f2709c\" data-element_type=\"widget\" data-widget_type=\"image.default\">\n\t\t\t\t<div class=\"elementor-widget-container\">\n\t\t\t\t\t\t\t\t\t\t\t\t\t\t\t<img decoding=\"async\" width=\"1080\" height=\"293\" src=\"https:\/\/www.tonerchiptec.com\/wp-content\/uploads\/2025\/07\/aboutde.jpg\" class=\"attachment-full size-full wp-image-8281\" alt=\"\" srcset=\"https:\/\/www.tonerchiptec.com\/wp-content\/uploads\/2025\/07\/aboutde.jpg 1080w, https:\/\/www.tonerchiptec.com\/wp-content\/uploads\/2025\/07\/aboutde-300x81.jpg 300w, https:\/\/www.tonerchiptec.com\/wp-content\/uploads\/2025\/07\/aboutde-1024x278.jpg 1024w, https:\/\/www.tonerchiptec.com\/wp-content\/uploads\/2025\/07\/aboutde-768x208.jpg 768w, https:\/\/www.tonerchiptec.com\/wp-content\/uploads\/2025\/07\/aboutde-18x5.jpg 18w, https:\/\/www.tonerchiptec.com\/wp-content\/uploads\/2025\/07\/aboutde-600x163.jpg 600w\" sizes=\"(max-width: 1080px) 100vw, 1080px\" \/>\t\t\t\t\t\t\t\t\t\t\t\t\t\t\t<\/div>\n\t\t\t\t<\/div>\n\t\t\t\t<\/div>\n\t\t\t\t\t<\/div>\n\t\t\t\t<\/div>\n\t\t<div class=\"elementor-element elementor-element-7137c07 e-flex e-con-boxed e-con e-parent\" data-id=\"7137c07\" data-element_type=\"container\">\n\t\t\t\t\t<div class=\"e-con-inner\">\n\t\t<div class=\"elementor-element elementor-element-6df867f e-con-full e-flex e-con e-child\" data-id=\"6df867f\" data-element_type=\"container\">\n\t\t\t\t<div class=\"elementor-element elementor-element-a8ff31a elementor-arrows-position-outside elementor-pagination-position-outside elementor-widget elementor-widget-image-carousel\" data-id=\"a8ff31a\" data-element_type=\"widget\" data-settings=\"{&quot;slides_to_show&quot;:&quot;5&quot;,&quot;autoplay_speed&quot;:500,&quot;navigation&quot;:&quot;both&quot;,&quot;autoplay&quot;:&quot;yes&quot;,&quot;infinite&quot;:&quot;yes&quot;,&quot;speed&quot;:500}\" data-widget_type=\"image-carousel.default\">\n\t\t\t\t<div class=\"elementor-widget-container\">\n\t\t\t\t\t\t\t<div class=\"elementor-image-carousel-wrapper swiper\" role=\"region\" aria-roledescription=\"carousel\" aria-label=\"\u56fe\u50cf\u8f6e\u64ad\" dir=\"rtl\">\n\t\t\t<div class=\"elementor-image-carousel swiper-wrapper\" aria-live=\"off\">\n\t\t\t\t\t\t\t\t<div class=\"swiper-slide\" role=\"group\" aria-roledescription=\"slide\" aria-label=\"1 \u0438\u0437 7\" data-no-translation-aria-label=\"\"><a data-elementor-open-lightbox=\"yes\" data-elementor-lightbox-slideshow=\"a8ff31a\" data-elementor-lightbox-title=\"BKC23041156DC-SHENZHEN-KOSINTEC-LCD-Monitor-FCC-Cert_00.png\" data-e-action-hash=\"#elementor-action%3Aaction%3Dlightbox%26settings%3DeyJpZCI6ODA5NSwidXJsIjoiaHR0cHM6XC9cL3d3dy50b25lcmNoaXB0ZWMuY29tXC93cC1jb250ZW50XC91cGxvYWRzXC8yMDI1XC8wN1wvQktDMjMwNDExNTZEQy1TSEVOWkhFTi1LT1NJTlRFQy1MQ0QtTW9uaXRvci1GQ0MtQ2VydF8wMC5wbmciLCJzbGlkZXNob3ciOiJhOGZmMzFhIn0%3D\" href=\"https:\/\/www.microkosin.com\/product-category\/product\/\" target=\"_blank\"><figure class=\"swiper-slide-inner\"><img decoding=\"async\" class=\"swiper-slide-image\" src=\"https:\/\/www.tonerchiptec.com\/wp-content\/uploads\/2025\/07\/BKC23041156DC-SHENZHEN-KOSINTEC-LCD-Monitor-FCC-Cert_00-212x300.png\" alt=\"BKC23041156DC-SHENZHEN-KOSINTEC-LCD-Monitor-FCC-Cert_00.png\" \/><\/figure><\/a><\/div><div class=\"swiper-slide\" role=\"group\" aria-roledescription=\"slide\" aria-label=\"2 \u0438\u0437 7\" data-no-translation-aria-label=\"\"><a data-elementor-open-lightbox=\"yes\" data-elementor-lightbox-slideshow=\"a8ff31a\" data-elementor-lightbox-title=\"EMC\u8bc1\u4e66-BKC23041071DC-SHENZHEN-KOSINTEC-CO-LCD-Monitor-KS-5500-EMC-Cert2_00.png\" data-e-action-hash=\"#elementor-action%3Aaction%3Dlightbox%26settings%3DeyJpZCI6ODA5NiwidXJsIjoiaHR0cHM6XC9cL3d3dy50b25lcmNoaXB0ZWMuY29tXC93cC1jb250ZW50XC91cGxvYWRzXC8yMDI1XC8wN1wvRU1DXHU4YmMxXHU0ZTY2LUJLQzIzMDQxMDcxREMtU0hFTlpIRU4tS09TSU5URUMtQ08tTENELU1vbml0b3ItS1MtNTUwMC1FTUMtQ2VydDJfMDAucG5nIiwic2xpZGVzaG93IjoiYThmZjMxYSJ9\" href=\"https:\/\/www.microkosin.com\/product-category\/product\/\" target=\"_blank\"><figure class=\"swiper-slide-inner\"><img decoding=\"async\" class=\"swiper-slide-image\" src=\"https:\/\/www.tonerchiptec.com\/wp-content\/uploads\/2025\/07\/EMC\u8bc1\u4e66-BKC23041071DC-SHENZHEN-KOSINTEC-CO-LCD-Monitor-KS-5500-EMC-Cert2_00-212x300.png\" alt=\"EMC\u8bc1\u4e66-BKC23041071DC-SHENZHEN-KOSINTEC-CO-LCD-Monitor-KS-5500-EMC-Cert2_00.png\" \/><\/figure><\/a><\/div><div class=\"swiper-slide\" role=\"group\" aria-roledescription=\"slide\" aria-label=\"3 \u0438\u0437 7\" data-no-translation-aria-label=\"\"><a data-elementor-open-lightbox=\"yes\" data-elementor-lightbox-slideshow=\"a8ff31a\" data-elementor-lightbox-title=\"IK10\u8bc1\u4e66-BKC24126188LC-SHENZHEN-KOSINTEC-LCD-Monitor-IK10-Cert1_00.png\" data-e-action-hash=\"#elementor-action%3Aaction%3Dlightbox%26settings%3DeyJpZCI6ODA5NywidXJsIjoiaHR0cHM6XC9cL3d3dy50b25lcmNoaXB0ZWMuY29tXC93cC1jb250ZW50XC91cGxvYWRzXC8yMDI1XC8wN1wvSUsxMFx1OGJjMVx1NGU2Ni1CS0MyNDEyNjE4OExDLVNIRU5aSEVOLUtPU0lOVEVDLUxDRC1Nb25pdG9yLUlLMTAtQ2VydDFfMDAucG5nIiwic2xpZGVzaG93IjoiYThmZjMxYSJ9\" href=\"https:\/\/www.microkosin.com\/product-category\/product\/\" target=\"_blank\"><figure class=\"swiper-slide-inner\"><img decoding=\"async\" class=\"swiper-slide-image\" src=\"https:\/\/www.tonerchiptec.com\/wp-content\/uploads\/2025\/07\/IK10\u8bc1\u4e66-BKC24126188LC-SHENZHEN-KOSINTEC-LCD-Monitor-IK10-Cert1_00-212x300.png\" alt=\"IK10\u8bc1\u4e66-BKC24126188LC-SHENZHEN-KOSINTEC-LCD-Monitor-IK10-Cert1_00.png\" \/><\/figure><\/a><\/div><div class=\"swiper-slide\" role=\"group\" aria-roledescription=\"slide\" aria-label=\"4 \u0438\u0437 7\" data-no-translation-aria-label=\"\"><a data-elementor-open-lightbox=\"yes\" data-elementor-lightbox-slideshow=\"a8ff31a\" data-elementor-lightbox-title=\"LVD\u8bc1\u4e66-BKC23041072DC-SHENZHEN-KOSINTEC-LCD-Monitor-LVD-Cert2_00.png\" data-e-action-hash=\"#elementor-action%3Aaction%3Dlightbox%26settings%3DeyJpZCI6ODA5OCwidXJsIjoiaHR0cHM6XC9cL3d3dy50b25lcmNoaXB0ZWMuY29tXC93cC1jb250ZW50XC91cGxvYWRzXC8yMDI1XC8wN1wvTFZEXHU4YmMxXHU0ZTY2LUJLQzIzMDQxMDcyREMtU0hFTlpIRU4tS09TSU5URUMtTENELU1vbml0b3ItTFZELUNlcnQyXzAwLnBuZyIsInNsaWRlc2hvdyI6ImE4ZmYzMWEifQ%3D%3D\" href=\"https:\/\/www.microkosin.com\/product-category\/product\/\" target=\"_blank\"><figure class=\"swiper-slide-inner\"><img decoding=\"async\" class=\"swiper-slide-image\" src=\"https:\/\/www.tonerchiptec.com\/wp-content\/uploads\/2025\/07\/LVD\u8bc1\u4e66-BKC23041072DC-SHENZHEN-KOSINTEC-LCD-Monitor-LVD-Cert2_00-212x300.png\" alt=\"LVD\u8bc1\u4e66-BKC23041072DC-SHENZHEN-KOSINTEC-LCD-Monitor-LVD-Cert2_00.png\" \/><\/figure><\/a><\/div><div class=\"swiper-slide\" role=\"group\" aria-roledescription=\"slide\" aria-label=\"5 \u0438\u0437 7\" data-no-translation-aria-label=\"\"><a data-elementor-open-lightbox=\"yes\" data-elementor-lightbox-slideshow=\"a8ff31a\" data-elementor-lightbox-title=\"PSE-EMC\u8bc1\u4e66-BKC24041647DC-SHENZHEN-KOSINTEC-CO.-LTD.-LCD-Monitor-PSE-EMC-Cert_00.png\" data-e-action-hash=\"#elementor-action%3Aaction%3Dlightbox%26settings%3DeyJpZCI6ODA5OSwidXJsIjoiaHR0cHM6XC9cL3d3dy50b25lcmNoaXB0ZWMuY29tXC93cC1jb250ZW50XC91cGxvYWRzXC8yMDI1XC8wN1wvUFNFLUVNQ1x1OGJjMVx1NGU2Ni1CS0MyNDA0MTY0N0RDLVNIRU5aSEVOLUtPU0lOVEVDLUNPLi1MVEQuLUxDRC1Nb25pdG9yLVBTRS1FTUMtQ2VydF8wMC5wbmciLCJzbGlkZXNob3ciOiJhOGZmMzFhIn0%3D\" href=\"https:\/\/www.microkosin.com\/product-category\/product\/\" target=\"_blank\"><figure class=\"swiper-slide-inner\"><img decoding=\"async\" class=\"swiper-slide-image\" src=\"https:\/\/www.tonerchiptec.com\/wp-content\/uploads\/2025\/07\/PSE-EMC\u8bc1\u4e66-BKC24041647DC-SHENZHEN-KOSINTEC-CO.-LTD.-LCD-Monitor-PSE-EMC-Cert_00-212x300.png\" alt=\"PSE-EMC\u8bc1\u4e66-BKC24041647DC-SHENZHEN-KOSINTEC-CO.-LTD.-LCD-Monitor-PSE-EMC-Cert_00.png\" \/><\/figure><\/a><\/div><div class=\"swiper-slide\" role=\"group\" aria-roledescription=\"slide\" aria-label=\"6 \u0438\u0437 7\" data-no-translation-aria-label=\"\"><a data-elementor-open-lightbox=\"yes\" data-elementor-lightbox-slideshow=\"a8ff31a\" data-elementor-lightbox-title=\"PSE-LVD\u8bc1\u4e66-BKC24041648DC-SHENZHEN-KOSINTEC-LCD-Monitor-PSE-Cert1_00.png\" data-e-action-hash=\"#elementor-action%3Aaction%3Dlightbox%26settings%3DeyJpZCI6ODEwMCwidXJsIjoiaHR0cHM6XC9cL3d3dy50b25lcmNoaXB0ZWMuY29tXC93cC1jb250ZW50XC91cGxvYWRzXC8yMDI1XC8wN1wvUFNFLUxWRFx1OGJjMVx1NGU2Ni1CS0MyNDA0MTY0OERDLVNIRU5aSEVOLUtPU0lOVEVDLUxDRC1Nb25pdG9yLVBTRS1DZXJ0MV8wMC5wbmciLCJzbGlkZXNob3ciOiJhOGZmMzFhIn0%3D\" href=\"https:\/\/www.microkosin.com\/product-category\/product\/\" target=\"_blank\"><figure class=\"swiper-slide-inner\"><img decoding=\"async\" class=\"swiper-slide-image\" src=\"https:\/\/www.tonerchiptec.com\/wp-content\/uploads\/2025\/07\/PSE-LVD\u8bc1\u4e66-BKC24041648DC-SHENZHEN-KOSINTEC-LCD-Monitor-PSE-Cert1_00-212x300.png\" alt=\"PSE-LVD\u8bc1\u4e66-BKC24041648DC-SHENZHEN-KOSINTEC-LCD-Monitor-PSE-Cert1_00.png\" \/><\/figure><\/a><\/div><div class=\"swiper-slide\" role=\"group\" aria-roledescription=\"slide\" aria-label=\"7 \u0438\u0437 7\" data-no-translation-aria-label=\"\"><a data-elementor-open-lightbox=\"yes\" data-elementor-lightbox-slideshow=\"a8ff31a\" data-elementor-lightbox-title=\"RoHS\u8bc1\u4e66-BKC23041073DC-SHENZHEN-KOSINTEC-CO.-LTD.-LCD-Monitor-ROHS-Cert3_00.png\" data-e-action-hash=\"#elementor-action%3Aaction%3Dlightbox%26settings%3DeyJpZCI6ODEwMSwidXJsIjoiaHR0cHM6XC9cL3d3dy50b25lcmNoaXB0ZWMuY29tXC93cC1jb250ZW50XC91cGxvYWRzXC8yMDI1XC8wN1wvUm9IU1x1OGJjMVx1NGU2Ni1CS0MyMzA0MTA3M0RDLVNIRU5aSEVOLUtPU0lOVEVDLUNPLi1MVEQuLUxDRC1Nb25pdG9yLVJPSFMtQ2VydDNfMDAucG5nIiwic2xpZGVzaG93IjoiYThmZjMxYSJ9\" href=\"https:\/\/www.microkosin.com\/product-category\/product\/\" target=\"_blank\"><figure class=\"swiper-slide-inner\"><img decoding=\"async\" class=\"swiper-slide-image\" src=\"https:\/\/www.tonerchiptec.com\/wp-content\/uploads\/2025\/07\/RoHS\u8bc1\u4e66-BKC23041073DC-SHENZHEN-KOSINTEC-CO.-LTD.-LCD-Monitor-ROHS-Cert3_00-212x300.png\" alt=\"RoHS\u8bc1\u4e66-BKC23041073DC-SHENZHEN-KOSINTEC-CO.-LTD.-LCD-Monitor-ROHS-Cert3_00.png\" \/><\/figure><\/a><\/div>\t\t\t<\/div>\n\t\t\t\t\t\t\t\t\t\t\t\t<div class=\"elementor-swiper-button elementor-swiper-button-prev\" role=\"button\" tabindex=\"0\">\n\t\t\t\t\t\t<svg aria-hidden=\"true\" class=\"e-font-icon-svg e-eicon-chevron-left\" viewbox=\"0 0 1000 1000\" xmlns=\"http:\/\/www.w3.org\/2000\/svg\"><path d=\"M646 125C629 125 613 133 604 142L308 442C296 454 292 471 292 487 292 504 296 521 308 533L604 854C617 867 629 875 646 875 663 875 679 871 692 858 704 846 713 829 713 812 713 796 708 779 692 767L438 487 692 225C700 217 708 204 708 187 708 171 704 154 692 142 675 129 663 125 646 125Z\"><\/path><\/svg>\t\t\t\t\t<\/div>\n\t\t\t\t\t<div class=\"elementor-swiper-button elementor-swiper-button-next\" role=\"button\" tabindex=\"0\">\n\t\t\t\t\t\t<svg aria-hidden=\"true\" class=\"e-font-icon-svg e-eicon-chevron-right\" viewbox=\"0 0 1000 1000\" xmlns=\"http:\/\/www.w3.org\/2000\/svg\"><path d=\"M696 533C708 521 713 504 713 487 713 471 708 454 696 446L400 146C388 133 375 125 354 125 338 125 325 129 313 142 300 154 292 171 292 187 292 204 296 221 308 233L563 492 304 771C292 783 288 800 288 817 288 833 296 850 308 863 321 871 338 875 354 875 371 875 388 867 400 854L696 533Z\"><\/path><\/svg>\t\t\t\t\t<\/div>\n\t\t\t\t\n\t\t\t\t\t\t\t\t\t<div class=\"swiper-pagination\"><\/div>\n\t\t\t\t\t\t\t\t\t<\/div>\n\t\t\t\t\t\t<\/div>\n\t\t\t\t<\/div>\n\t\t\t\t<\/div>\n\t\t\t\t\t<\/div>\n\t\t\t\t<\/div>\n\t\t\t\t<\/div>","protected":false},"excerpt":{"rendered":"<p>Honryn is located in Zhuhai.The registered capital of the company is 1 million yuan, and it has invested in three high-tech factories with automated production, covering a total area of 3,000 square meters. Products are exported to Europe, America, Australia and other more than 100 countries and regions;&nbsp; &nbsp;Honryn is a high-tech enterprise specializing in [&hellip;]<\/p>","protected":false},"author":1,"featured_media":0,"parent":0,"menu_order":0,"comment_status":"closed","ping_status":"closed","template":"","meta":{"site-sidebar-layout":"no-sidebar","site-content-layout":"page-builder","ast-site-content-layout":"full-width-container","site-content-style":"unboxed","site-sidebar-style":"unboxed","ast-global-header-display":"","ast-banner-title-visibility":"","ast-main-header-display":"","ast-hfb-above-header-display":"","ast-hfb-below-header-display":"","ast-hfb-mobile-header-display":"","site-post-title":"disabled","ast-breadcrumbs-content":"","ast-featured-img":"disabled","footer-sml-layout":"","theme-transparent-header-meta":"enabled","adv-header-id-meta":"","stick-header-meta":"","header-above-stick-meta":"","header-main-stick-meta":"","header-below-stick-meta":"","astra-migrate-meta-layouts":"set","ast-page-background-enabled":"default","ast-page-background-meta":{"desktop":{"background-color":"","background-image":"","background-repeat":"repeat","background-position":"center center","background-size":"auto","background-attachment":"scroll","background-type":"","background-media":"","overlay-type":"","overlay-color":"","overlay-opacity":"","overlay-gradient":""},"tablet":{"background-color":"","background-image":"","background-repeat":"repeat","background-position":"center center","background-size":"auto","background-attachment":"scroll","background-type":"","background-media":"","overlay-type":"","overlay-color":"","overlay-opacity":"","overlay-gradient":""},"mobile":{"background-color":"","background-image":"","background-repeat":"repeat","background-position":"center center","background-size":"auto","background-attachment":"scroll","background-type":"","background-media":"","overlay-type":"","overlay-color":"","overlay-opacity":"","overlay-gradient":""}},"ast-content-background-meta":{"desktop":{"background-color":"var(--ast-global-color-5)","background-image":"","background-repeat":"repeat","background-position":"center center","background-size":"auto","background-attachment":"scroll","background-type":"","background-media":"","overlay-type":"","overlay-color":"","overlay-opacity":"","overlay-gradient":""},"tablet":{"background-color":"var(--ast-global-color-5)","background-image":"","background-repeat":"repeat","background-position":"center center","background-size":"auto","background-attachment":"scroll","background-type":"","background-media":"","overlay-type":"","overlay-color":"","overlay-opacity":"","overlay-gradient":""},"mobile":{"background-color":"var(--ast-global-color-5)","background-image":"","background-repeat":"repeat","background-position":"center center","background-size":"auto","background-attachment":"scroll","background-type":"","background-media":"","overlay-type":"","overlay-color":"","overlay-opacity":"","overlay-gradient":""}},"footnotes":""},"class_list":["post-43","page","type-page","status-publish","hentry"],"_links":{"self":[{"href":"https:\/\/www.tonerchiptec.com\/pt\/wp-json\/wp\/v2\/pages\/43","targetHints":{"allow":["GET"]}}],"collection":[{"href":"https:\/\/www.tonerchiptec.com\/pt\/wp-json\/wp\/v2\/pages"}],"about":[{"href":"https:\/\/www.tonerchiptec.com\/pt\/wp-json\/wp\/v2\/types\/page"}],"author":[{"embeddable":true,"href":"https:\/\/www.tonerchiptec.com\/pt\/wp-json\/wp\/v2\/users\/1"}],"replies":[{"embeddable":true,"href":"https:\/\/www.tonerchiptec.com\/pt\/wp-json\/wp\/v2\/comments?post=43"}],"version-history":[{"count":0,"href":"https:\/\/www.tonerchiptec.com\/pt\/wp-json\/wp\/v2\/pages\/43\/revisions"}],"wp:attachment":[{"href":"https:\/\/www.tonerchiptec.com\/pt\/wp-json\/wp\/v2\/media?parent=43"}],"curies":[{"name":"wp","href":"https:\/\/api.w.org\/{rel}","templated":true}]}}