{"id":8217,"date":"2025-07-04T23:07:15","date_gmt":"2025-07-04T15:07:15","guid":{"rendered":"https:\/\/www.tonerchiptec.com\/?post_type=product&#038;p=8217"},"modified":"2025-08-23T17:47:07","modified_gmt":"2025-08-23T09:47:07","slug":"25b3074-extra-high-yield-toner","status":"publish","type":"product","link":"https:\/\/www.tonerchiptec.com\/pt\/product\/25b3074-extra-high-yield-toner\/","title":{"rendered":"Cartucho de toner compat\u00edvel 25B3074"},"content":{"rendered":"<p>&nbsp;<\/p>\n<p><img fetchpriority=\"high\" decoding=\"async\" class=\"aligncenter wp-image-8219\" src=\"https:\/\/www.tonerchiptec.com\/wp-content\/uploads\/2025\/07\/1.png\" alt=\"\" width=\"510\" height=\"510\" srcset=\"https:\/\/www.tonerchiptec.com\/wp-content\/uploads\/2025\/07\/1.png 800w, https:\/\/www.tonerchiptec.com\/wp-content\/uploads\/2025\/07\/1-300x300.png 300w, https:\/\/www.tonerchiptec.com\/wp-content\/uploads\/2025\/07\/1-150x150.png 150w, https:\/\/www.tonerchiptec.com\/wp-content\/uploads\/2025\/07\/1-768x768.png 768w, https:\/\/www.tonerchiptec.com\/wp-content\/uploads\/2025\/07\/1-12x12.png 12w, https:\/\/www.tonerchiptec.com\/wp-content\/uploads\/2025\/07\/1-600x600.png 600w, https:\/\/www.tonerchiptec.com\/wp-content\/uploads\/2025\/07\/1-100x100.png 100w\" sizes=\"(max-width: 510px) 100vw, 510px\" \/> <img decoding=\"async\" class=\"aligncenter wp-image-8220\" src=\"https:\/\/www.tonerchiptec.com\/wp-content\/uploads\/2025\/07\/25B3074-1.jpg\" alt=\"\" width=\"586\" height=\"493\" srcset=\"https:\/\/www.tonerchiptec.com\/wp-content\/uploads\/2025\/07\/25B3074-1.jpg 970w, https:\/\/www.tonerchiptec.com\/wp-content\/uploads\/2025\/07\/25B3074-1-300x252.jpg 300w, https:\/\/www.tonerchiptec.com\/wp-content\/uploads\/2025\/07\/25B3074-1-768x645.jpg 768w, https:\/\/www.tonerchiptec.com\/wp-content\/uploads\/2025\/07\/25B3074-1-14x12.jpg 14w, https:\/\/www.tonerchiptec.com\/wp-content\/uploads\/2025\/07\/25B3074-1-600x504.jpg 600w\" sizes=\"(max-width: 586px) 100vw, 586px\" \/> <img decoding=\"async\" class=\"aligncenter wp-image-8221\" src=\"https:\/\/www.tonerchiptec.com\/wp-content\/uploads\/2025\/07\/61JRQYLah2L._AC_SX466_.jpg\" alt=\"\" width=\"605\" height=\"605\" srcset=\"https:\/\/www.tonerchiptec.com\/wp-content\/uploads\/2025\/07\/61JRQYLah2L._AC_SX466_.jpg 800w, https:\/\/www.tonerchiptec.com\/wp-content\/uploads\/2025\/07\/61JRQYLah2L._AC_SX466_-300x300.jpg 300w, https:\/\/www.tonerchiptec.com\/wp-content\/uploads\/2025\/07\/61JRQYLah2L._AC_SX466_-150x150.jpg 150w, https:\/\/www.tonerchiptec.com\/wp-content\/uploads\/2025\/07\/61JRQYLah2L._AC_SX466_-768x768.jpg 768w, https:\/\/www.tonerchiptec.com\/wp-content\/uploads\/2025\/07\/61JRQYLah2L._AC_SX466_-12x12.jpg 12w, https:\/\/www.tonerchiptec.com\/wp-content\/uploads\/2025\/07\/61JRQYLah2L._AC_SX466_-600x600.jpg 600w, https:\/\/www.tonerchiptec.com\/wp-content\/uploads\/2025\/07\/61JRQYLah2L._AC_SX466_-100x100.jpg 100w\" sizes=\"(max-width: 605px) 100vw, 605px\" \/> <img loading=\"lazy\" decoding=\"async\" class=\"aligncenter wp-image-8222\" src=\"https:\/\/www.tonerchiptec.com\/wp-content\/uploads\/2025\/07\/61tnLdTuwL._AC_SX466_.jpg\" alt=\"\" width=\"611\" height=\"611\" srcset=\"https:\/\/www.tonerchiptec.com\/wp-content\/uploads\/2025\/07\/61tnLdTuwL._AC_SX466_.jpg 800w, https:\/\/www.tonerchiptec.com\/wp-content\/uploads\/2025\/07\/61tnLdTuwL._AC_SX466_-300x300.jpg 300w, https:\/\/www.tonerchiptec.com\/wp-content\/uploads\/2025\/07\/61tnLdTuwL._AC_SX466_-150x150.jpg 150w, https:\/\/www.tonerchiptec.com\/wp-content\/uploads\/2025\/07\/61tnLdTuwL._AC_SX466_-768x768.jpg 768w, https:\/\/www.tonerchiptec.com\/wp-content\/uploads\/2025\/07\/61tnLdTuwL._AC_SX466_-12x12.jpg 12w, https:\/\/www.tonerchiptec.com\/wp-content\/uploads\/2025\/07\/61tnLdTuwL._AC_SX466_-600x600.jpg 600w, https:\/\/www.tonerchiptec.com\/wp-content\/uploads\/2025\/07\/61tnLdTuwL._AC_SX466_-100x100.jpg 100w\" sizes=\"(max-width: 611px) 100vw, 611px\" \/> <img loading=\"lazy\" decoding=\"async\" class=\"aligncenter wp-image-8223\" src=\"https:\/\/www.tonerchiptec.com\/wp-content\/uploads\/2025\/07\/71DO-xGqUZL._AC_SX466_.jpg\" alt=\"\" width=\"615\" height=\"615\" srcset=\"https:\/\/www.tonerchiptec.com\/wp-content\/uploads\/2025\/07\/71DO-xGqUZL._AC_SX466_.jpg 466w, https:\/\/www.tonerchiptec.com\/wp-content\/uploads\/2025\/07\/71DO-xGqUZL._AC_SX466_-300x300.jpg 300w, https:\/\/www.tonerchiptec.com\/wp-content\/uploads\/2025\/07\/71DO-xGqUZL._AC_SX466_-150x150.jpg 150w, https:\/\/www.tonerchiptec.com\/wp-content\/uploads\/2025\/07\/71DO-xGqUZL._AC_SX466_-12x12.jpg 12w, https:\/\/www.tonerchiptec.com\/wp-content\/uploads\/2025\/07\/71DO-xGqUZL._AC_SX466_-100x100.jpg 100w\" sizes=\"(max-width: 615px) 100vw, 615px\" \/><\/p>","protected":false},"excerpt":{"rendered":"<p><strong><b>Nome<\/b><\/strong>\uff1a<\/p>\n<p>25B3074 Toner de rendimento extra alto<\/p>\n<p>Cartucho compat\u00edvel com as impressoras M5255 M5270 XM5355 XM5370 XM7355 XM7365 XM7370\uff081Black\uff09<\/p>\n<table>\n<tbody>\n<tr>\n<td width=\"139\"><strong><b>Cor<\/b><\/strong><\/td>\n<td width=\"393\">preto<\/td>\n<\/tr>\n<tr>\n<td width=\"139\"><strong><b>Op\u00e7\u00f5es de compatibilidade<\/b><\/strong><\/td>\n<td width=\"393\">Compat\u00edvel com as impressoras M5255 M5270 XM5355 XM5370 XM7355 XM7365 XM7370<\/td>\n<\/tr>\n<tr>\n<td width=\"139\"><strong><b>Rendimento da p\u00e1gina<\/b><\/strong><\/td>\n<td width=\"393\">45000<\/td>\n<\/tr>\n<\/tbody>\n<\/table>\n<p>Sobre este item<\/p>\n<p>Conte\u00fado da embalagem: Um pacote de cartucho de toner preto 25B3074<\/p>\n<p>Compatibilidade da impressora: para as impressoras M5255 M5270 XM5355 XM5370 XM7355 XM7365 XM7370<\/p>\n<p>Rendimento de p\u00e1ginas: 45.000 p\u00e1ginas com cobertura de 5% (carta\/A4)<\/p>\n<p>Com chip: Compat\u00edvel com a vers\u00e3o mais recente do firmware que garante o r\u00e1pido reconhecimento pela impressora e uma experi\u00eancia de impress\u00e3o sem complica\u00e7\u00f5es<\/p>\n<p>Desempenho de impress\u00e3o: Cartucho de toner preto 25B3074 Imprima textos n\u00edtidos e claros<\/p>","protected":false},"featured_media":8793,"comment_status":"open","ping_status":"closed","template":"","meta":{"site-sidebar-layout":"default","site-content-layout":"","ast-site-content-layout":"default","site-content-style":"default","site-sidebar-style":"default","ast-global-header-display":"","ast-banner-title-visibility":"","ast-main-header-display":"","ast-hfb-above-header-display":"","ast-hfb-below-header-display":"","ast-hfb-mobile-header-display":"","site-post-title":"","ast-breadcrumbs-content":"","ast-featured-img":"","footer-sml-layout":"","theme-transparent-header-meta":"disabled","adv-header-id-meta":"","stick-header-meta":"","header-above-stick-meta":"","header-main-stick-meta":"","header-below-stick-meta":"","astra-migrate-meta-layouts":"set","ast-page-background-enabled":"default","ast-page-background-meta":{"desktop":{"background-color":"","background-image":"","background-repeat":"repeat","background-position":"center center","background-size":"auto","background-attachment":"scroll","background-type":"","background-media":"","overlay-type":"","overlay-color":"","overlay-opacity":"","overlay-gradient":""},"tablet":{"background-color":"","background-image":"","background-repeat":"repeat","background-position":"center center","background-size":"auto","background-attachment":"scroll","background-type":"","background-media":"","overlay-type":"","overlay-color":"","overlay-opacity":"","overlay-gradient":""},"mobile":{"background-color":"","background-image":"","background-repeat":"repeat","background-position":"center center","background-size":"auto","background-attachment":"scroll","background-type":"","background-media":"","overlay-type":"","overlay-color":"","overlay-opacity":"","overlay-gradient":""}},"ast-content-background-meta":{"desktop":{"background-color":"var(--ast-global-color-5)","background-image":"","background-repeat":"repeat","background-position":"center center","background-size":"auto","background-attachment":"scroll","background-type":"","background-media":"","overlay-type":"","overlay-color":"","overlay-opacity":"","overlay-gradient":""},"tablet":{"background-color":"var(--ast-global-color-5)","background-image":"","background-repeat":"repeat","background-position":"center center","background-size":"auto","background-attachment":"scroll","background-type":"","background-media":"","overlay-type":"","overlay-color":"","overlay-opacity":"","overlay-gradient":""},"mobile":{"background-color":"var(--ast-global-color-5)","background-image":"","background-repeat":"repeat","background-position":"center center","background-size":"auto","background-attachment":"scroll","background-type":"","background-media":"","overlay-type":"","overlay-color":"","overlay-opacity":"","overlay-gradient":""}}},"product_brand":[],"product_cat":[15,107],"product_tag":[],"class_list":{"0":"post-8217","1":"product","2":"type-product","3":"status-publish","4":"has-post-thumbnail","6":"product_cat-product","7":"product_cat-toner-cartridge","8":"desktop-align-left","9":"tablet-align-left","10":"mobile-align-left","11":"ast-product-gallery-layout-horizontal-slider","12":"ast-product-tabs-layout-horizontal","14":"first","15":"instock","16":"shipping-taxable","17":"product-type-simple"},"_links":{"self":[{"href":"https:\/\/www.tonerchiptec.com\/pt\/wp-json\/wp\/v2\/product\/8217","targetHints":{"allow":["GET"]}}],"collection":[{"href":"https:\/\/www.tonerchiptec.com\/pt\/wp-json\/wp\/v2\/product"}],"about":[{"href":"https:\/\/www.tonerchiptec.com\/pt\/wp-json\/wp\/v2\/types\/product"}],"replies":[{"embeddable":true,"href":"https:\/\/www.tonerchiptec.com\/pt\/wp-json\/wp\/v2\/comments?post=8217"}],"version-history":[{"count":0,"href":"https:\/\/www.tonerchiptec.com\/pt\/wp-json\/wp\/v2\/product\/8217\/revisions"}],"wp:featuredmedia":[{"embeddable":true,"href":"https:\/\/www.tonerchiptec.com\/pt\/wp-json\/wp\/v2\/media\/8793"}],"wp:attachment":[{"href":"https:\/\/www.tonerchiptec.com\/pt\/wp-json\/wp\/v2\/media?parent=8217"}],"wp:term":[{"taxonomy":"product_brand","embeddable":true,"href":"https:\/\/www.tonerchiptec.com\/pt\/wp-json\/wp\/v2\/product_brand?post=8217"},{"taxonomy":"product_cat","embeddable":true,"href":"https:\/\/www.tonerchiptec.com\/pt\/wp-json\/wp\/v2\/product_cat?post=8217"},{"taxonomy":"product_tag","embeddable":true,"href":"https:\/\/www.tonerchiptec.com\/pt\/wp-json\/wp\/v2\/product_tag?post=8217"}],"curies":[{"name":"wp","href":"https:\/\/api.w.org\/{rel}","templated":true}]}}