{"id":8249,"date":"2025-07-04T23:37:56","date_gmt":"2025-07-04T15:37:56","guid":{"rendered":"https:\/\/www.tonerchiptec.com\/?post_type=product&#038;p=8249"},"modified":"2025-12-27T08:24:14","modified_gmt":"2025-12-27T07:24:14","slug":"52d0z00-imaging-unit-high-yield-1-pack","status":"publish","type":"product","link":"https:\/\/www.tonerchiptec.com\/pt\/product\/52d0z00-imaging-unit-high-yield-1-pack\/","title":{"rendered":"Lexmark 52D0Z00"},"content":{"rendered":"<p>&nbsp;<\/p>\n<p><img fetchpriority=\"high\" decoding=\"async\" class=\"aligncenter size-full wp-image-8797\" src=\"https:\/\/www.tonerchiptec.com\/wp-content\/uploads\/2025\/07\/\u5fae\u4fe1\u56fe\u7247_20250823153228_66.png\" alt=\"\" width=\"800\" height=\"800\" srcset=\"https:\/\/www.tonerchiptec.com\/wp-content\/uploads\/2025\/07\/\u5fae\u4fe1\u56fe\u7247_20250823153228_66.png 800w, https:\/\/www.tonerchiptec.com\/wp-content\/uploads\/2025\/07\/\u5fae\u4fe1\u56fe\u7247_20250823153228_66-300x300.png 300w, https:\/\/www.tonerchiptec.com\/wp-content\/uploads\/2025\/07\/\u5fae\u4fe1\u56fe\u7247_20250823153228_66-150x150.png 150w, https:\/\/www.tonerchiptec.com\/wp-content\/uploads\/2025\/07\/\u5fae\u4fe1\u56fe\u7247_20250823153228_66-768x768.png 768w, https:\/\/www.tonerchiptec.com\/wp-content\/uploads\/2025\/07\/\u5fae\u4fe1\u56fe\u7247_20250823153228_66-12x12.png 12w, https:\/\/www.tonerchiptec.com\/wp-content\/uploads\/2025\/07\/\u5fae\u4fe1\u56fe\u7247_20250823153228_66-600x600.png 600w, https:\/\/www.tonerchiptec.com\/wp-content\/uploads\/2025\/07\/\u5fae\u4fe1\u56fe\u7247_20250823153228_66-100x100.png 100w\" sizes=\"(max-width: 800px) 100vw, 800px\" \/><img decoding=\"async\" class=\"aligncenter wp-image-8250\" src=\"https:\/\/www.tonerchiptec.com\/wp-content\/uploads\/2025\/07\/71BMI6iHYGL._AC_SX466_.jpg\" alt=\"\" width=\"800\" height=\"833\" srcset=\"https:\/\/www.tonerchiptec.com\/wp-content\/uploads\/2025\/07\/71BMI6iHYGL._AC_SX466_.jpg 466w, https:\/\/www.tonerchiptec.com\/wp-content\/uploads\/2025\/07\/71BMI6iHYGL._AC_SX466_-288x300.jpg 288w, https:\/\/www.tonerchiptec.com\/wp-content\/uploads\/2025\/07\/71BMI6iHYGL._AC_SX466_-12x12.jpg 12w, https:\/\/www.tonerchiptec.com\/wp-content\/uploads\/2025\/07\/71BMI6iHYGL._AC_SX466_-300x312.jpg 300w\" sizes=\"(max-width: 800px) 100vw, 800px\" \/><img decoding=\"async\" class=\"aligncenter wp-image-8252\" src=\"https:\/\/www.tonerchiptec.com\/wp-content\/uploads\/2025\/07\/71ztNVn-LmL.__AC_SX300_SY300_QL70_FMwebp_.webp\" alt=\"\" width=\"800\" height=\"755\" srcset=\"https:\/\/www.tonerchiptec.com\/wp-content\/uploads\/2025\/07\/71ztNVn-LmL.__AC_SX300_SY300_QL70_FMwebp_.webp 300w, https:\/\/www.tonerchiptec.com\/wp-content\/uploads\/2025\/07\/71ztNVn-LmL.__AC_SX300_SY300_QL70_FMwebp_-13x12.webp 13w\" sizes=\"(max-width: 800px) 100vw, 800px\" \/> <img loading=\"lazy\" decoding=\"async\" class=\"aligncenter wp-image-8253\" src=\"https:\/\/www.tonerchiptec.com\/wp-content\/uploads\/2025\/07\/fec21521bd4d2aaf4ab13af82523ce0-2.png\" alt=\"\" width=\"800\" height=\"800\" srcset=\"https:\/\/www.tonerchiptec.com\/wp-content\/uploads\/2025\/07\/fec21521bd4d2aaf4ab13af82523ce0-2.png 800w, https:\/\/www.tonerchiptec.com\/wp-content\/uploads\/2025\/07\/fec21521bd4d2aaf4ab13af82523ce0-2-300x300.png 300w, https:\/\/www.tonerchiptec.com\/wp-content\/uploads\/2025\/07\/fec21521bd4d2aaf4ab13af82523ce0-2-150x150.png 150w, https:\/\/www.tonerchiptec.com\/wp-content\/uploads\/2025\/07\/fec21521bd4d2aaf4ab13af82523ce0-2-768x768.png 768w, https:\/\/www.tonerchiptec.com\/wp-content\/uploads\/2025\/07\/fec21521bd4d2aaf4ab13af82523ce0-2-12x12.png 12w, https:\/\/www.tonerchiptec.com\/wp-content\/uploads\/2025\/07\/fec21521bd4d2aaf4ab13af82523ce0-2-600x600.png 600w, https:\/\/www.tonerchiptec.com\/wp-content\/uploads\/2025\/07\/fec21521bd4d2aaf4ab13af82523ce0-2-100x100.png 100w\" sizes=\"(max-width: 800px) 100vw, 800px\" \/><img loading=\"lazy\" decoding=\"async\" class=\"aligncenter wp-image-8251\" src=\"https:\/\/www.tonerchiptec.com\/wp-content\/uploads\/2025\/07\/71Wq1msOJYL._AC_SX466_.jpg\" alt=\"\" width=\"800\" height=\"800\" srcset=\"https:\/\/www.tonerchiptec.com\/wp-content\/uploads\/2025\/07\/71Wq1msOJYL._AC_SX466_.jpg 466w, https:\/\/www.tonerchiptec.com\/wp-content\/uploads\/2025\/07\/71Wq1msOJYL._AC_SX466_-300x300.jpg 300w, https:\/\/www.tonerchiptec.com\/wp-content\/uploads\/2025\/07\/71Wq1msOJYL._AC_SX466_-150x150.jpg 150w, https:\/\/www.tonerchiptec.com\/wp-content\/uploads\/2025\/07\/71Wq1msOJYL._AC_SX466_-12x12.jpg 12w, https:\/\/www.tonerchiptec.com\/wp-content\/uploads\/2025\/07\/71Wq1msOJYL._AC_SX466_-100x100.jpg 100w\" sizes=\"(max-width: 800px) 100vw, 800px\" \/><\/p>","protected":false},"excerpt":{"rendered":"<p><strong><b>Nome<\/b><\/strong>\uff1a52D0Z00 Unidade de imagem de alto rendimento (1 pacote)<\/p>\n<p>Substitui\u00e7\u00e3o compat\u00edvel para Lexmark 52D0Z00 520Z Funciona com a impressora MS810 MS811 MS710 MS711 MS812 MX710 MX810 MX811 MX812<\/p>\n<p><strong><b>Especifica\u00e7\u00f5es\uff1a<\/b><\/strong><\/p>\n<table>\n<tbody>\n<tr>\n<td width=\"139\"><strong><b>Cor<\/b><\/strong><\/td>\n<td width=\"393\">52D0Z00 Unidade de imagem preta<\/td>\n<\/tr>\n<tr>\n<td width=\"139\"><strong><b>Peso do item<\/b><\/strong><\/td>\n<td width=\"393\">2,01 quilogramas<\/td>\n<\/tr>\n<tr>\n<td width=\"139\"><strong><b>Componentes inclu\u00eddos<\/b><\/strong><\/td>\n<td width=\"393\">52D0Z00 Unidade de imagem preta<\/td>\n<\/tr>\n<tr>\n<td width=\"139\"><strong><b>Dispositivos compat\u00edveis<\/b><\/strong><\/td>\n<td width=\"393\">MS710dn MS711dn MS810de MS810dn MS810dtn MS810n MS811dn MS811dtn MS811n MS812de MS812dn MS812dtn MS817dn MS817n MS818dn MX710de MX710dhe MX711deMS710dn MS711dn MS810de MS810dn MS810dtn MS810n MS811dn MS811dtn MS811n MS812de MS812dn MS812dtn MS817dn MS817n MS818dn MX710de MX710dhe MX711de<\/td>\n<\/tr>\n<\/tbody>\n<\/table>\n<p>Sobre este item<\/p>\n<p>O pacote inclui: 1 pacote de unidade de imagem preta 52D0Z00, unidade de imagem de alto rendimento 52D0Z00<\/p>\n<p>Impressora compat\u00edvel: com chips inteligentes, reconhecimento para a impressora Lexmark MS710dn MS711dn MS810de MS810dn MS810dtn MS810n MS811dn MS811dtn MS811n MS812de MS812dn MS812dtn MS817dn MS817n MS818dn MX710de MX710dhe MX711de<\/p>\n<p>Alto rendimento de p\u00e1ginas: Unidade de imagem preta 52D0Z00 Rendimento de at\u00e9 100.500 p\u00e1ginas por cartucho<\/p>\n<p>Qualidade confi\u00e1vel: Cada unidade de imagem preta 52D0Z00 passa por um procedimento de teste de qualidade para garantir a qualidade e a compatibilidade com sua impressora<\/p>\n<p>Desempenho: Unidade de imagem 52D0Z00 Imprime cores n\u00edtidas e vibrantes e preto rico, proporcionando uma vida de impress\u00e3o confort\u00e1vel<\/p>","protected":false},"featured_media":8797,"comment_status":"open","ping_status":"closed","template":"","meta":{"site-sidebar-layout":"default","site-content-layout":"","ast-site-content-layout":"default","site-content-style":"default","site-sidebar-style":"default","ast-global-header-display":"","ast-banner-title-visibility":"","ast-main-header-display":"","ast-hfb-above-header-display":"","ast-hfb-below-header-display":"","ast-hfb-mobile-header-display":"","site-post-title":"","ast-breadcrumbs-content":"","ast-featured-img":"","footer-sml-layout":"","theme-transparent-header-meta":"disabled","adv-header-id-meta":"","stick-header-meta":"","header-above-stick-meta":"","header-main-stick-meta":"","header-below-stick-meta":"","astra-migrate-meta-layouts":"set","ast-page-background-enabled":"default","ast-page-background-meta":{"desktop":{"background-color":"","background-image":"","background-repeat":"repeat","background-position":"center center","background-size":"auto","background-attachment":"scroll","background-type":"","background-media":"","overlay-type":"","overlay-color":"","overlay-opacity":"","overlay-gradient":""},"tablet":{"background-color":"","background-image":"","background-repeat":"repeat","background-position":"center center","background-size":"auto","background-attachment":"scroll","background-type":"","background-media":"","overlay-type":"","overlay-color":"","overlay-opacity":"","overlay-gradient":""},"mobile":{"background-color":"","background-image":"","background-repeat":"repeat","background-position":"center center","background-size":"auto","background-attachment":"scroll","background-type":"","background-media":"","overlay-type":"","overlay-color":"","overlay-opacity":"","overlay-gradient":""}},"ast-content-background-meta":{"desktop":{"background-color":"var(--ast-global-color-5)","background-image":"","background-repeat":"repeat","background-position":"center center","background-size":"auto","background-attachment":"scroll","background-type":"","background-media":"","overlay-type":"","overlay-color":"","overlay-opacity":"","overlay-gradient":""},"tablet":{"background-color":"var(--ast-global-color-5)","background-image":"","background-repeat":"repeat","background-position":"center center","background-size":"auto","background-attachment":"scroll","background-type":"","background-media":"","overlay-type":"","overlay-color":"","overlay-opacity":"","overlay-gradient":""},"mobile":{"background-color":"var(--ast-global-color-5)","background-image":"","background-repeat":"repeat","background-position":"center center","background-size":"auto","background-attachment":"scroll","background-type":"","background-media":"","overlay-type":"","overlay-color":"","overlay-opacity":"","overlay-gradient":""}}},"product_brand":[],"product_cat":[15,107],"product_tag":[],"class_list":{"0":"post-8249","1":"product","2":"type-product","3":"status-publish","4":"has-post-thumbnail","6":"product_cat-product","7":"product_cat-toner-cartridge","8":"desktop-align-left","9":"tablet-align-left","10":"mobile-align-left","11":"ast-product-gallery-layout-horizontal-slider","12":"ast-product-tabs-layout-horizontal","14":"first","15":"instock","16":"shipping-taxable","17":"product-type-simple"},"_links":{"self":[{"href":"https:\/\/www.tonerchiptec.com\/pt\/wp-json\/wp\/v2\/product\/8249","targetHints":{"allow":["GET"]}}],"collection":[{"href":"https:\/\/www.tonerchiptec.com\/pt\/wp-json\/wp\/v2\/product"}],"about":[{"href":"https:\/\/www.tonerchiptec.com\/pt\/wp-json\/wp\/v2\/types\/product"}],"replies":[{"embeddable":true,"href":"https:\/\/www.tonerchiptec.com\/pt\/wp-json\/wp\/v2\/comments?post=8249"}],"version-history":[{"count":1,"href":"https:\/\/www.tonerchiptec.com\/pt\/wp-json\/wp\/v2\/product\/8249\/revisions"}],"predecessor-version":[{"id":9412,"href":"https:\/\/www.tonerchiptec.com\/pt\/wp-json\/wp\/v2\/product\/8249\/revisions\/9412"}],"wp:featuredmedia":[{"embeddable":true,"href":"https:\/\/www.tonerchiptec.com\/pt\/wp-json\/wp\/v2\/media\/8797"}],"wp:attachment":[{"href":"https:\/\/www.tonerchiptec.com\/pt\/wp-json\/wp\/v2\/media?parent=8249"}],"wp:term":[{"taxonomy":"product_brand","embeddable":true,"href":"https:\/\/www.tonerchiptec.com\/pt\/wp-json\/wp\/v2\/product_brand?post=8249"},{"taxonomy":"product_cat","embeddable":true,"href":"https:\/\/www.tonerchiptec.com\/pt\/wp-json\/wp\/v2\/product_cat?post=8249"},{"taxonomy":"product_tag","embeddable":true,"href":"https:\/\/www.tonerchiptec.com\/pt\/wp-json\/wp\/v2\/product_tag?post=8249"}],"curies":[{"name":"wp","href":"https:\/\/api.w.org\/{rel}","templated":true}]}}