{"id":8256,"date":"2025-07-04T23:45:31","date_gmt":"2025-07-04T15:45:31","guid":{"rendered":"https:\/\/www.tonerchiptec.com\/?post_type=product&#038;p=8256"},"modified":"2025-08-25T10:01:29","modified_gmt":"2025-08-25T02:01:29","slug":"ctl-1100-2200-2100","status":"publish","type":"product","link":"https:\/\/www.tonerchiptec.com\/pt\/product\/ctl-1100-2200-2100\/","title":{"rendered":"Cartucho de toner Pantum CTL-1100\/2200\/2100"},"content":{"rendered":"<p>&nbsp;<\/p>\n<p><img fetchpriority=\"high\" decoding=\"async\" class=\"aligncenter size-full wp-image-8260\" src=\"https:\/\/www.tonerchiptec.com\/wp-content\/uploads\/2025\/07\/\u5fae\u4fe1\u56fe\u7247_20250703171738.jpg\" alt=\"\" width=\"800\" height=\"800\" srcset=\"https:\/\/www.tonerchiptec.com\/wp-content\/uploads\/2025\/07\/\u5fae\u4fe1\u56fe\u7247_20250703171738.jpg 800w, https:\/\/www.tonerchiptec.com\/wp-content\/uploads\/2025\/07\/\u5fae\u4fe1\u56fe\u7247_20250703171738-300x300.jpg 300w, https:\/\/www.tonerchiptec.com\/wp-content\/uploads\/2025\/07\/\u5fae\u4fe1\u56fe\u7247_20250703171738-150x150.jpg 150w, https:\/\/www.tonerchiptec.com\/wp-content\/uploads\/2025\/07\/\u5fae\u4fe1\u56fe\u7247_20250703171738-768x768.jpg 768w, https:\/\/www.tonerchiptec.com\/wp-content\/uploads\/2025\/07\/\u5fae\u4fe1\u56fe\u7247_20250703171738-12x12.jpg 12w, https:\/\/www.tonerchiptec.com\/wp-content\/uploads\/2025\/07\/\u5fae\u4fe1\u56fe\u7247_20250703171738-600x600.jpg 600w, https:\/\/www.tonerchiptec.com\/wp-content\/uploads\/2025\/07\/\u5fae\u4fe1\u56fe\u7247_20250703171738-100x100.jpg 100w\" sizes=\"(max-width: 800px) 100vw, 800px\" \/><img decoding=\"async\" class=\"aligncenter size-full wp-image-8859\" src=\"https:\/\/www.tonerchiptec.com\/wp-content\/uploads\/2025\/07\/\u5fae\u4fe1\u56fe\u7247_20250825095708_101.png\" alt=\"\" width=\"800\" height=\"800\" srcset=\"https:\/\/www.tonerchiptec.com\/wp-content\/uploads\/2025\/07\/\u5fae\u4fe1\u56fe\u7247_20250825095708_101.png 800w, https:\/\/www.tonerchiptec.com\/wp-content\/uploads\/2025\/07\/\u5fae\u4fe1\u56fe\u7247_20250825095708_101-300x300.png 300w, https:\/\/www.tonerchiptec.com\/wp-content\/uploads\/2025\/07\/\u5fae\u4fe1\u56fe\u7247_20250825095708_101-150x150.png 150w, https:\/\/www.tonerchiptec.com\/wp-content\/uploads\/2025\/07\/\u5fae\u4fe1\u56fe\u7247_20250825095708_101-768x768.png 768w, https:\/\/www.tonerchiptec.com\/wp-content\/uploads\/2025\/07\/\u5fae\u4fe1\u56fe\u7247_20250825095708_101-12x12.png 12w, https:\/\/www.tonerchiptec.com\/wp-content\/uploads\/2025\/07\/\u5fae\u4fe1\u56fe\u7247_20250825095708_101-600x600.png 600w, https:\/\/www.tonerchiptec.com\/wp-content\/uploads\/2025\/07\/\u5fae\u4fe1\u56fe\u7247_20250825095708_101-100x100.png 100w\" sizes=\"(max-width: 800px) 100vw, 800px\" \/> <img decoding=\"async\" class=\"aligncenter size-full wp-image-8860\" src=\"https:\/\/www.tonerchiptec.com\/wp-content\/uploads\/2025\/07\/\u5fae\u4fe1\u56fe\u7247_20250825095708_102.png\" alt=\"\" width=\"800\" height=\"800\" srcset=\"https:\/\/www.tonerchiptec.com\/wp-content\/uploads\/2025\/07\/\u5fae\u4fe1\u56fe\u7247_20250825095708_102.png 800w, https:\/\/www.tonerchiptec.com\/wp-content\/uploads\/2025\/07\/\u5fae\u4fe1\u56fe\u7247_20250825095708_102-300x300.png 300w, https:\/\/www.tonerchiptec.com\/wp-content\/uploads\/2025\/07\/\u5fae\u4fe1\u56fe\u7247_20250825095708_102-150x150.png 150w, https:\/\/www.tonerchiptec.com\/wp-content\/uploads\/2025\/07\/\u5fae\u4fe1\u56fe\u7247_20250825095708_102-768x768.png 768w, https:\/\/www.tonerchiptec.com\/wp-content\/uploads\/2025\/07\/\u5fae\u4fe1\u56fe\u7247_20250825095708_102-12x12.png 12w, https:\/\/www.tonerchiptec.com\/wp-content\/uploads\/2025\/07\/\u5fae\u4fe1\u56fe\u7247_20250825095708_102-600x600.png 600w, https:\/\/www.tonerchiptec.com\/wp-content\/uploads\/2025\/07\/\u5fae\u4fe1\u56fe\u7247_20250825095708_102-100x100.png 100w\" sizes=\"(max-width: 800px) 100vw, 800px\" \/> <img loading=\"lazy\" decoding=\"async\" class=\"aligncenter size-full wp-image-8861\" src=\"https:\/\/www.tonerchiptec.com\/wp-content\/uploads\/2025\/07\/\u5fae\u4fe1\u56fe\u7247_20250825095822_103.png\" alt=\"\" width=\"800\" height=\"800\" srcset=\"https:\/\/www.tonerchiptec.com\/wp-content\/uploads\/2025\/07\/\u5fae\u4fe1\u56fe\u7247_20250825095822_103.png 800w, https:\/\/www.tonerchiptec.com\/wp-content\/uploads\/2025\/07\/\u5fae\u4fe1\u56fe\u7247_20250825095822_103-300x300.png 300w, https:\/\/www.tonerchiptec.com\/wp-content\/uploads\/2025\/07\/\u5fae\u4fe1\u56fe\u7247_20250825095822_103-150x150.png 150w, https:\/\/www.tonerchiptec.com\/wp-content\/uploads\/2025\/07\/\u5fae\u4fe1\u56fe\u7247_20250825095822_103-768x768.png 768w, https:\/\/www.tonerchiptec.com\/wp-content\/uploads\/2025\/07\/\u5fae\u4fe1\u56fe\u7247_20250825095822_103-12x12.png 12w, https:\/\/www.tonerchiptec.com\/wp-content\/uploads\/2025\/07\/\u5fae\u4fe1\u56fe\u7247_20250825095822_103-600x600.png 600w, https:\/\/www.tonerchiptec.com\/wp-content\/uploads\/2025\/07\/\u5fae\u4fe1\u56fe\u7247_20250825095822_103-100x100.png 100w\" sizes=\"(max-width: 800px) 100vw, 800px\" \/><img loading=\"lazy\" decoding=\"async\" class=\"aligncenter size-full wp-image-8257\" src=\"https:\/\/www.tonerchiptec.com\/wp-content\/uploads\/2025\/07\/2.png\" alt=\"\" width=\"800\" height=\"800\" srcset=\"https:\/\/www.tonerchiptec.com\/wp-content\/uploads\/2025\/07\/2.png 800w, https:\/\/www.tonerchiptec.com\/wp-content\/uploads\/2025\/07\/2-300x300.png 300w, https:\/\/www.tonerchiptec.com\/wp-content\/uploads\/2025\/07\/2-150x150.png 150w, https:\/\/www.tonerchiptec.com\/wp-content\/uploads\/2025\/07\/2-768x768.png 768w, https:\/\/www.tonerchiptec.com\/wp-content\/uploads\/2025\/07\/2-12x12.png 12w, https:\/\/www.tonerchiptec.com\/wp-content\/uploads\/2025\/07\/2-600x600.png 600w, https:\/\/www.tonerchiptec.com\/wp-content\/uploads\/2025\/07\/2-100x100.png 100w\" sizes=\"(max-width: 800px) 100vw, 800px\" \/> <img loading=\"lazy\" decoding=\"async\" class=\"aligncenter size-full wp-image-8258\" src=\"https:\/\/www.tonerchiptec.com\/wp-content\/uploads\/2025\/07\/81qB15zPL5L._AC_SX466_-1.jpg\" alt=\"\" width=\"800\" height=\"800\" srcset=\"https:\/\/www.tonerchiptec.com\/wp-content\/uploads\/2025\/07\/81qB15zPL5L._AC_SX466_-1.jpg 800w, https:\/\/www.tonerchiptec.com\/wp-content\/uploads\/2025\/07\/81qB15zPL5L._AC_SX466_-1-300x300.jpg 300w, https:\/\/www.tonerchiptec.com\/wp-content\/uploads\/2025\/07\/81qB15zPL5L._AC_SX466_-1-150x150.jpg 150w, https:\/\/www.tonerchiptec.com\/wp-content\/uploads\/2025\/07\/81qB15zPL5L._AC_SX466_-1-768x768.jpg 768w, https:\/\/www.tonerchiptec.com\/wp-content\/uploads\/2025\/07\/81qB15zPL5L._AC_SX466_-1-12x12.jpg 12w, https:\/\/www.tonerchiptec.com\/wp-content\/uploads\/2025\/07\/81qB15zPL5L._AC_SX466_-1-600x600.jpg 600w, https:\/\/www.tonerchiptec.com\/wp-content\/uploads\/2025\/07\/81qB15zPL5L._AC_SX466_-1-100x100.jpg 100w\" sizes=\"(max-width: 800px) 100vw, 800px\" \/><\/p>","protected":false},"excerpt":{"rendered":"<p><strong><b>Nome<\/b><\/strong>\uff1aCTL-1100\/2200\/2100<\/p>\n<p>Cartucho de toner (com chip\uff09 Compat\u00edvel com cartuchos de toner Pantum CTL-1100 CTL-1100K CTL-1100C CTL-1100M CTL-1100Y para impressoras Pantum CP1100DN CM1100ADN<\/p>\n<p><strong><b>Cor<\/b><\/strong>\uff1aK\/C\/M\/Y<\/p>\n<p>Alta produ\u00e7\u00e3o de p\u00e1ginas: At\u00e9 1.000 p\u00e1ginas para os cartuchos de toner preto CTL-1100K e 700 p\u00e1ginas para os cartuchos de toner colorido CTL-1100C CTL-1100M CTL-1100Y (com cobertura de 5% em papel A4)<\/p>\n<p>Nossas vantagens: O cartucho de toner CTL-1100 usa toner premium, com part\u00edculas finas, baixa taxa de refugo e nenhum vazamento de tinta, garantindo um n\u00famero suficiente de p\u00e1ginas impressas, alta satura\u00e7\u00e3o de cores e impress\u00e3o de cores mais claras, criando uma cria\u00e7\u00e3o mais realista para voc\u00ea e seus efeitos visuais<\/p>\n<p>F\u00e1cil de instalar: O processo de instala\u00e7\u00e3o dos cartuchos de toner CTL-1100 tamb\u00e9m \u00e9 simples e pode ser facilmente instalado ao ser desembalado, garantindo uma experi\u00eancia de instala\u00e7\u00e3o perfeita<\/p>","protected":false},"featured_media":8858,"comment_status":"open","ping_status":"closed","template":"","meta":{"site-sidebar-layout":"default","site-content-layout":"","ast-site-content-layout":"default","site-content-style":"default","site-sidebar-style":"default","ast-global-header-display":"","ast-banner-title-visibility":"","ast-main-header-display":"","ast-hfb-above-header-display":"","ast-hfb-below-header-display":"","ast-hfb-mobile-header-display":"","site-post-title":"","ast-breadcrumbs-content":"","ast-featured-img":"","footer-sml-layout":"","theme-transparent-header-meta":"disabled","adv-header-id-meta":"","stick-header-meta":"","header-above-stick-meta":"","header-main-stick-meta":"","header-below-stick-meta":"","astra-migrate-meta-layouts":"set","ast-page-background-enabled":"default","ast-page-background-meta":{"desktop":{"background-color":"","background-image":"","background-repeat":"repeat","background-position":"center center","background-size":"auto","background-attachment":"scroll","background-type":"","background-media":"","overlay-type":"","overlay-color":"","overlay-opacity":"","overlay-gradient":""},"tablet":{"background-color":"","background-image":"","background-repeat":"repeat","background-position":"center center","background-size":"auto","background-attachment":"scroll","background-type":"","background-media":"","overlay-type":"","overlay-color":"","overlay-opacity":"","overlay-gradient":""},"mobile":{"background-color":"","background-image":"","background-repeat":"repeat","background-position":"center center","background-size":"auto","background-attachment":"scroll","background-type":"","background-media":"","overlay-type":"","overlay-color":"","overlay-opacity":"","overlay-gradient":""}},"ast-content-background-meta":{"desktop":{"background-color":"var(--ast-global-color-5)","background-image":"","background-repeat":"repeat","background-position":"center center","background-size":"auto","background-attachment":"scroll","background-type":"","background-media":"","overlay-type":"","overlay-color":"","overlay-opacity":"","overlay-gradient":""},"tablet":{"background-color":"var(--ast-global-color-5)","background-image":"","background-repeat":"repeat","background-position":"center center","background-size":"auto","background-attachment":"scroll","background-type":"","background-media":"","overlay-type":"","overlay-color":"","overlay-opacity":"","overlay-gradient":""},"mobile":{"background-color":"var(--ast-global-color-5)","background-image":"","background-repeat":"repeat","background-position":"center center","background-size":"auto","background-attachment":"scroll","background-type":"","background-media":"","overlay-type":"","overlay-color":"","overlay-opacity":"","overlay-gradient":""}}},"product_brand":[],"product_cat":[15,107],"product_tag":[],"class_list":{"0":"post-8256","1":"product","2":"type-product","3":"status-publish","4":"has-post-thumbnail","6":"product_cat-product","7":"product_cat-toner-cartridge","8":"desktop-align-left","9":"tablet-align-left","10":"mobile-align-left","11":"ast-product-gallery-layout-horizontal-slider","12":"ast-product-gallery-with-no-image","13":"ast-product-tabs-layout-horizontal","15":"first","16":"instock","17":"shipping-taxable","18":"product-type-simple"},"_links":{"self":[{"href":"https:\/\/www.tonerchiptec.com\/pt\/wp-json\/wp\/v2\/product\/8256","targetHints":{"allow":["GET"]}}],"collection":[{"href":"https:\/\/www.tonerchiptec.com\/pt\/wp-json\/wp\/v2\/product"}],"about":[{"href":"https:\/\/www.tonerchiptec.com\/pt\/wp-json\/wp\/v2\/types\/product"}],"replies":[{"embeddable":true,"href":"https:\/\/www.tonerchiptec.com\/pt\/wp-json\/wp\/v2\/comments?post=8256"}],"version-history":[{"count":0,"href":"https:\/\/www.tonerchiptec.com\/pt\/wp-json\/wp\/v2\/product\/8256\/revisions"}],"wp:featuredmedia":[{"embeddable":true,"href":"https:\/\/www.tonerchiptec.com\/pt\/wp-json\/wp\/v2\/media\/8858"}],"wp:attachment":[{"href":"https:\/\/www.tonerchiptec.com\/pt\/wp-json\/wp\/v2\/media?parent=8256"}],"wp:term":[{"taxonomy":"product_brand","embeddable":true,"href":"https:\/\/www.tonerchiptec.com\/pt\/wp-json\/wp\/v2\/product_brand?post=8256"},{"taxonomy":"product_cat","embeddable":true,"href":"https:\/\/www.tonerchiptec.com\/pt\/wp-json\/wp\/v2\/product_cat?post=8256"},{"taxonomy":"product_tag","embeddable":true,"href":"https:\/\/www.tonerchiptec.com\/pt\/wp-json\/wp\/v2\/product_tag?post=8256"}],"curies":[{"name":"wp","href":"https:\/\/api.w.org\/{rel}","templated":true}]}}