{"id":8350,"date":"2025-07-05T17:54:28","date_gmt":"2025-07-05T09:54:28","guid":{"rendered":"https:\/\/www.tonerchiptec.com\/?post_type=product&#038;p=8350"},"modified":"2025-12-27T08:23:37","modified_gmt":"2025-12-27T07:23:37","slug":"c230-c235-toner-cartridge","status":"publish","type":"product","link":"https:\/\/www.tonerchiptec.com\/pt\/product\/c230-c235-toner-cartridge\/","title":{"rendered":"Xerox C230 C235"},"content":{"rendered":"<ul>\n<li><\/li>\n<\/ul>\n<p><img fetchpriority=\"high\" decoding=\"async\" class=\"aligncenter size-full wp-image-8820\" src=\"https:\/\/www.tonerchiptec.com\/wp-content\/uploads\/2025\/07\/\u5fae\u4fe1\u56fe\u7247_20250823163028_81.png\" alt=\"\" width=\"800\" height=\"800\" srcset=\"https:\/\/www.tonerchiptec.com\/wp-content\/uploads\/2025\/07\/\u5fae\u4fe1\u56fe\u7247_20250823163028_81.png 800w, https:\/\/www.tonerchiptec.com\/wp-content\/uploads\/2025\/07\/\u5fae\u4fe1\u56fe\u7247_20250823163028_81-300x300.png 300w, https:\/\/www.tonerchiptec.com\/wp-content\/uploads\/2025\/07\/\u5fae\u4fe1\u56fe\u7247_20250823163028_81-150x150.png 150w, https:\/\/www.tonerchiptec.com\/wp-content\/uploads\/2025\/07\/\u5fae\u4fe1\u56fe\u7247_20250823163028_81-768x768.png 768w, https:\/\/www.tonerchiptec.com\/wp-content\/uploads\/2025\/07\/\u5fae\u4fe1\u56fe\u7247_20250823163028_81-12x12.png 12w, https:\/\/www.tonerchiptec.com\/wp-content\/uploads\/2025\/07\/\u5fae\u4fe1\u56fe\u7247_20250823163028_81-600x600.png 600w, https:\/\/www.tonerchiptec.com\/wp-content\/uploads\/2025\/07\/\u5fae\u4fe1\u56fe\u7247_20250823163028_81-100x100.png 100w\" sizes=\"(max-width: 800px) 100vw, 800px\" \/> <img decoding=\"async\" class=\"aligncenter size-full wp-image-8821\" src=\"https:\/\/www.tonerchiptec.com\/wp-content\/uploads\/2025\/07\/\u5fae\u4fe1\u56fe\u7247_20250823163028_82.png\" alt=\"\" width=\"800\" height=\"800\" srcset=\"https:\/\/www.tonerchiptec.com\/wp-content\/uploads\/2025\/07\/\u5fae\u4fe1\u56fe\u7247_20250823163028_82.png 800w, https:\/\/www.tonerchiptec.com\/wp-content\/uploads\/2025\/07\/\u5fae\u4fe1\u56fe\u7247_20250823163028_82-300x300.png 300w, https:\/\/www.tonerchiptec.com\/wp-content\/uploads\/2025\/07\/\u5fae\u4fe1\u56fe\u7247_20250823163028_82-150x150.png 150w, https:\/\/www.tonerchiptec.com\/wp-content\/uploads\/2025\/07\/\u5fae\u4fe1\u56fe\u7247_20250823163028_82-768x768.png 768w, https:\/\/www.tonerchiptec.com\/wp-content\/uploads\/2025\/07\/\u5fae\u4fe1\u56fe\u7247_20250823163028_82-12x12.png 12w, https:\/\/www.tonerchiptec.com\/wp-content\/uploads\/2025\/07\/\u5fae\u4fe1\u56fe\u7247_20250823163028_82-600x600.png 600w, https:\/\/www.tonerchiptec.com\/wp-content\/uploads\/2025\/07\/\u5fae\u4fe1\u56fe\u7247_20250823163028_82-100x100.png 100w\" sizes=\"(max-width: 800px) 100vw, 800px\" \/><img decoding=\"async\" class=\"aligncenter size-full wp-image-8344\" src=\"https:\/\/www.tonerchiptec.com\/wp-content\/uploads\/2025\/07\/C230-2.jpg\" alt=\"\" width=\"970\" height=\"815\" srcset=\"https:\/\/www.tonerchiptec.com\/wp-content\/uploads\/2025\/07\/C230-2.jpg 970w, https:\/\/www.tonerchiptec.com\/wp-content\/uploads\/2025\/07\/C230-2-300x252.jpg 300w, https:\/\/www.tonerchiptec.com\/wp-content\/uploads\/2025\/07\/C230-2-768x645.jpg 768w, https:\/\/www.tonerchiptec.com\/wp-content\/uploads\/2025\/07\/C230-2-14x12.jpg 14w, https:\/\/www.tonerchiptec.com\/wp-content\/uploads\/2025\/07\/C230-2-600x504.jpg 600w\" sizes=\"(max-width: 970px) 100vw, 970px\" \/><img loading=\"lazy\" decoding=\"async\" class=\"aligncenter size-full wp-image-8612\" src=\"https:\/\/www.tonerchiptec.com\/wp-content\/uploads\/2025\/07\/71e0xGe3Q4L._AC_SX679_.jpg\" alt=\"\" width=\"800\" height=\"800\" srcset=\"https:\/\/www.tonerchiptec.com\/wp-content\/uploads\/2025\/07\/71e0xGe3Q4L._AC_SX679_.jpg 800w, https:\/\/www.tonerchiptec.com\/wp-content\/uploads\/2025\/07\/71e0xGe3Q4L._AC_SX679_-300x300.jpg 300w, https:\/\/www.tonerchiptec.com\/wp-content\/uploads\/2025\/07\/71e0xGe3Q4L._AC_SX679_-150x150.jpg 150w, https:\/\/www.tonerchiptec.com\/wp-content\/uploads\/2025\/07\/71e0xGe3Q4L._AC_SX679_-768x768.jpg 768w, https:\/\/www.tonerchiptec.com\/wp-content\/uploads\/2025\/07\/71e0xGe3Q4L._AC_SX679_-12x12.jpg 12w, https:\/\/www.tonerchiptec.com\/wp-content\/uploads\/2025\/07\/71e0xGe3Q4L._AC_SX679_-600x600.jpg 600w, https:\/\/www.tonerchiptec.com\/wp-content\/uploads\/2025\/07\/71e0xGe3Q4L._AC_SX679_-100x100.jpg 100w\" sizes=\"(max-width: 800px) 100vw, 800px\" \/><img loading=\"lazy\" decoding=\"async\" class=\"aligncenter size-full wp-image-8353\" src=\"https:\/\/www.tonerchiptec.com\/wp-content\/uploads\/2025\/07\/71MT3SCNfmL._AC_SX466_-2.jpg\" alt=\"\" width=\"800\" height=\"800\" srcset=\"https:\/\/www.tonerchiptec.com\/wp-content\/uploads\/2025\/07\/71MT3SCNfmL._AC_SX466_-2.jpg 800w, https:\/\/www.tonerchiptec.com\/wp-content\/uploads\/2025\/07\/71MT3SCNfmL._AC_SX466_-2-300x300.jpg 300w, https:\/\/www.tonerchiptec.com\/wp-content\/uploads\/2025\/07\/71MT3SCNfmL._AC_SX466_-2-150x150.jpg 150w, https:\/\/www.tonerchiptec.com\/wp-content\/uploads\/2025\/07\/71MT3SCNfmL._AC_SX466_-2-768x768.jpg 768w, https:\/\/www.tonerchiptec.com\/wp-content\/uploads\/2025\/07\/71MT3SCNfmL._AC_SX466_-2-12x12.jpg 12w, https:\/\/www.tonerchiptec.com\/wp-content\/uploads\/2025\/07\/71MT3SCNfmL._AC_SX466_-2-600x600.jpg 600w, https:\/\/www.tonerchiptec.com\/wp-content\/uploads\/2025\/07\/71MT3SCNfmL._AC_SX466_-2-100x100.jpg 100w\" sizes=\"(max-width: 800px) 100vw, 800px\" \/> <img loading=\"lazy\" decoding=\"async\" class=\"aligncenter size-full wp-image-8354\" src=\"https:\/\/www.tonerchiptec.com\/wp-content\/uploads\/2025\/07\/71-Ye9YTaNL._AC_SX466_.jpg\" alt=\"\" width=\"800\" height=\"800\" srcset=\"https:\/\/www.tonerchiptec.com\/wp-content\/uploads\/2025\/07\/71-Ye9YTaNL._AC_SX466_.jpg 800w, https:\/\/www.tonerchiptec.com\/wp-content\/uploads\/2025\/07\/71-Ye9YTaNL._AC_SX466_-300x300.jpg 300w, https:\/\/www.tonerchiptec.com\/wp-content\/uploads\/2025\/07\/71-Ye9YTaNL._AC_SX466_-150x150.jpg 150w, https:\/\/www.tonerchiptec.com\/wp-content\/uploads\/2025\/07\/71-Ye9YTaNL._AC_SX466_-768x768.jpg 768w, https:\/\/www.tonerchiptec.com\/wp-content\/uploads\/2025\/07\/71-Ye9YTaNL._AC_SX466_-12x12.jpg 12w, https:\/\/www.tonerchiptec.com\/wp-content\/uploads\/2025\/07\/71-Ye9YTaNL._AC_SX466_-600x600.jpg 600w, https:\/\/www.tonerchiptec.com\/wp-content\/uploads\/2025\/07\/71-Ye9YTaNL._AC_SX466_-100x100.jpg 100w\" sizes=\"(max-width: 800px) 100vw, 800px\" \/> <img loading=\"lazy\" decoding=\"async\" class=\"aligncenter size-full wp-image-8355\" src=\"https:\/\/www.tonerchiptec.com\/wp-content\/uploads\/2025\/07\/716OAG7HcPL._AC_SX466_-2.jpg\" alt=\"\" width=\"800\" height=\"800\" srcset=\"https:\/\/www.tonerchiptec.com\/wp-content\/uploads\/2025\/07\/716OAG7HcPL._AC_SX466_-2.jpg 800w, https:\/\/www.tonerchiptec.com\/wp-content\/uploads\/2025\/07\/716OAG7HcPL._AC_SX466_-2-300x300.jpg 300w, https:\/\/www.tonerchiptec.com\/wp-content\/uploads\/2025\/07\/716OAG7HcPL._AC_SX466_-2-150x150.jpg 150w, https:\/\/www.tonerchiptec.com\/wp-content\/uploads\/2025\/07\/716OAG7HcPL._AC_SX466_-2-768x768.jpg 768w, https:\/\/www.tonerchiptec.com\/wp-content\/uploads\/2025\/07\/716OAG7HcPL._AC_SX466_-2-12x12.jpg 12w, https:\/\/www.tonerchiptec.com\/wp-content\/uploads\/2025\/07\/716OAG7HcPL._AC_SX466_-2-600x600.jpg 600w, https:\/\/www.tonerchiptec.com\/wp-content\/uploads\/2025\/07\/716OAG7HcPL._AC_SX466_-2-100x100.jpg 100w\" sizes=\"(max-width: 800px) 100vw, 800px\" \/><\/p>","protected":false},"excerpt":{"rendered":"<p><strong><b>Nome\uff1a<\/b><\/strong>Cartucho de toner C230 C235<\/p>\n<p>(com chip) para Xerox Replacement 006R04391 006R04392 006R04393 006R04394,4500-5500 Pages High-Yield Toner Compatible with Xerox C235DNI\/C230DNI Color Printer (4 Pack)<\/p>\n<p><strong><b>S<\/b><\/strong><strong><b>especifica\u00e7\u00f5es<\/b><\/strong>\uff1a<\/p>\n<table>\n<tbody>\n<tr>\n<td width=\"139\"><strong><b>Cor<\/b><\/strong><\/td>\n<td width=\"393\">Preto Ciano Magenta Amarelo<\/td>\n<\/tr>\n<tr>\n<td width=\"139\"><strong><b>Peso do item<\/b><\/strong><\/td>\n<td width=\"393\">5,9 libras<\/td>\n<\/tr>\n<\/tbody>\n<\/table>\n<ul>\n<li>Com o chip mais recente: nossos cartuchos de toner cont\u00eam chips internos, portanto, n\u00e3o h\u00e1 necessidade de transferir os chips manualmente. Obtenha qualidade de impress\u00e3o est\u00e1vel e melhor efici\u00eancia do toner imediatamente.<\/li>\n<li>Compatibilidade da impressora: cartucho de toner C230 compat\u00edvel com a impressora colorida Xerox C230\/DNI e com a impressora multifuncional colorida C235\/DNI.<\/li>\n<li>C\u00f3digo da pe\u00e7a: Compat\u00edvel com o conjunto de cartuchos de toner de alta capacidade 006r04391, 006r04392, 006r04393, 006r04394 e de capacidade padr\u00e3o 006r04383, 006r04384, 006r04385, 006r04386.<\/li>\n<li>Rendimento de impress\u00e3o de alta capacidade: 5500 p\u00e1ginas em preto, 4500 p\u00e1ginas cada em ciano, magenta e amarelo (cobertura de 5%\/ papel A4). Muito adequado para escolas, hospitais, empresas, escrit\u00f3rios de advocacia, resid\u00eancias e escrit\u00f3rios com muita impress\u00e3o.<\/li>\n<li>Excelente qualidade: A cor do toner \u00e9 muito viva, a cor \u00e9 brilhante e forte, e funciona bem com os cartuchos de toner da impressora Xerox C235 C230, tornando seu trabalho mais eficiente.<\/li>\n<\/ul>","protected":false},"featured_media":8819,"comment_status":"open","ping_status":"closed","template":"","meta":{"site-sidebar-layout":"default","site-content-layout":"","ast-site-content-layout":"default","site-content-style":"default","site-sidebar-style":"default","ast-global-header-display":"","ast-banner-title-visibility":"","ast-main-header-display":"","ast-hfb-above-header-display":"","ast-hfb-below-header-display":"","ast-hfb-mobile-header-display":"","site-post-title":"","ast-breadcrumbs-content":"","ast-featured-img":"","footer-sml-layout":"","theme-transparent-header-meta":"disabled","adv-header-id-meta":"","stick-header-meta":"","header-above-stick-meta":"","header-main-stick-meta":"","header-below-stick-meta":"","astra-migrate-meta-layouts":"set","ast-page-background-enabled":"default","ast-page-background-meta":{"desktop":{"background-color":"","background-image":"","background-repeat":"repeat","background-position":"center center","background-size":"auto","background-attachment":"scroll","background-type":"","background-media":"","overlay-type":"","overlay-color":"","overlay-opacity":"","overlay-gradient":""},"tablet":{"background-color":"","background-image":"","background-repeat":"repeat","background-position":"center center","background-size":"auto","background-attachment":"scroll","background-type":"","background-media":"","overlay-type":"","overlay-color":"","overlay-opacity":"","overlay-gradient":""},"mobile":{"background-color":"","background-image":"","background-repeat":"repeat","background-position":"center center","background-size":"auto","background-attachment":"scroll","background-type":"","background-media":"","overlay-type":"","overlay-color":"","overlay-opacity":"","overlay-gradient":""}},"ast-content-background-meta":{"desktop":{"background-color":"var(--ast-global-color-5)","background-image":"","background-repeat":"repeat","background-position":"center center","background-size":"auto","background-attachment":"scroll","background-type":"","background-media":"","overlay-type":"","overlay-color":"","overlay-opacity":"","overlay-gradient":""},"tablet":{"background-color":"var(--ast-global-color-5)","background-image":"","background-repeat":"repeat","background-position":"center center","background-size":"auto","background-attachment":"scroll","background-type":"","background-media":"","overlay-type":"","overlay-color":"","overlay-opacity":"","overlay-gradient":""},"mobile":{"background-color":"var(--ast-global-color-5)","background-image":"","background-repeat":"repeat","background-position":"center center","background-size":"auto","background-attachment":"scroll","background-type":"","background-media":"","overlay-type":"","overlay-color":"","overlay-opacity":"","overlay-gradient":""}}},"product_brand":[],"product_cat":[15,107],"product_tag":[],"class_list":{"0":"post-8350","1":"product","2":"type-product","3":"status-publish","4":"has-post-thumbnail","6":"product_cat-product","7":"product_cat-toner-cartridge","8":"desktop-align-left","9":"tablet-align-left","10":"mobile-align-left","11":"ast-product-gallery-layout-horizontal-slider","12":"ast-product-gallery-with-no-image","13":"ast-product-tabs-layout-horizontal","15":"first","16":"instock","17":"shipping-taxable","18":"product-type-simple"},"_links":{"self":[{"href":"https:\/\/www.tonerchiptec.com\/pt\/wp-json\/wp\/v2\/product\/8350","targetHints":{"allow":["GET"]}}],"collection":[{"href":"https:\/\/www.tonerchiptec.com\/pt\/wp-json\/wp\/v2\/product"}],"about":[{"href":"https:\/\/www.tonerchiptec.com\/pt\/wp-json\/wp\/v2\/types\/product"}],"replies":[{"embeddable":true,"href":"https:\/\/www.tonerchiptec.com\/pt\/wp-json\/wp\/v2\/comments?post=8350"}],"version-history":[{"count":1,"href":"https:\/\/www.tonerchiptec.com\/pt\/wp-json\/wp\/v2\/product\/8350\/revisions"}],"predecessor-version":[{"id":9411,"href":"https:\/\/www.tonerchiptec.com\/pt\/wp-json\/wp\/v2\/product\/8350\/revisions\/9411"}],"wp:featuredmedia":[{"embeddable":true,"href":"https:\/\/www.tonerchiptec.com\/pt\/wp-json\/wp\/v2\/media\/8819"}],"wp:attachment":[{"href":"https:\/\/www.tonerchiptec.com\/pt\/wp-json\/wp\/v2\/media?parent=8350"}],"wp:term":[{"taxonomy":"product_brand","embeddable":true,"href":"https:\/\/www.tonerchiptec.com\/pt\/wp-json\/wp\/v2\/product_brand?post=8350"},{"taxonomy":"product_cat","embeddable":true,"href":"https:\/\/www.tonerchiptec.com\/pt\/wp-json\/wp\/v2\/product_cat?post=8350"},{"taxonomy":"product_tag","embeddable":true,"href":"https:\/\/www.tonerchiptec.com\/pt\/wp-json\/wp\/v2\/product_tag?post=8350"}],"curies":[{"name":"wp","href":"https:\/\/api.w.org\/{rel}","templated":true}]}}