{"id":8704,"date":"2025-08-14T17:01:18","date_gmt":"2025-08-14T09:01:18","guid":{"rendered":"https:\/\/www.tonerchiptec.com\/?post_type=product&#038;p=8704"},"modified":"2025-08-23T15:52:29","modified_gmt":"2025-08-23T07:52:29","slug":"58d1h00-high-yield-toner-cartridge-compatible","status":"publish","type":"product","link":"https:\/\/www.tonerchiptec.com\/pt\/product\/58d1h00-high-yield-toner-cartridge-compatible\/","title":{"rendered":"Cartucho de toner compat\u00edvel com Lexmark 58D1H00"},"content":{"rendered":"<p><img fetchpriority=\"high\" decoding=\"async\" class=\"aligncenter size-full wp-image-8802\" src=\"https:\/\/www.tonerchiptec.com\/wp-content\/uploads\/2025\/08\/\u5fae\u4fe1\u56fe\u7247_20250823155017_70.png\" alt=\"\" width=\"800\" height=\"800\" srcset=\"https:\/\/www.tonerchiptec.com\/wp-content\/uploads\/2025\/08\/\u5fae\u4fe1\u56fe\u7247_20250823155017_70.png 800w, https:\/\/www.tonerchiptec.com\/wp-content\/uploads\/2025\/08\/\u5fae\u4fe1\u56fe\u7247_20250823155017_70-300x300.png 300w, https:\/\/www.tonerchiptec.com\/wp-content\/uploads\/2025\/08\/\u5fae\u4fe1\u56fe\u7247_20250823155017_70-150x150.png 150w, https:\/\/www.tonerchiptec.com\/wp-content\/uploads\/2025\/08\/\u5fae\u4fe1\u56fe\u7247_20250823155017_70-768x768.png 768w, https:\/\/www.tonerchiptec.com\/wp-content\/uploads\/2025\/08\/\u5fae\u4fe1\u56fe\u7247_20250823155017_70-12x12.png 12w, https:\/\/www.tonerchiptec.com\/wp-content\/uploads\/2025\/08\/\u5fae\u4fe1\u56fe\u7247_20250823155017_70-600x600.png 600w, https:\/\/www.tonerchiptec.com\/wp-content\/uploads\/2025\/08\/\u5fae\u4fe1\u56fe\u7247_20250823155017_70-100x100.png 100w\" sizes=\"(max-width: 800px) 100vw, 800px\" \/> <img decoding=\"async\" class=\"aligncenter size-full wp-image-8803\" src=\"https:\/\/www.tonerchiptec.com\/wp-content\/uploads\/2025\/08\/\u5fae\u4fe1\u56fe\u7247_20250823155017_71.png\" alt=\"\" width=\"800\" height=\"800\" srcset=\"https:\/\/www.tonerchiptec.com\/wp-content\/uploads\/2025\/08\/\u5fae\u4fe1\u56fe\u7247_20250823155017_71.png 800w, https:\/\/www.tonerchiptec.com\/wp-content\/uploads\/2025\/08\/\u5fae\u4fe1\u56fe\u7247_20250823155017_71-300x300.png 300w, https:\/\/www.tonerchiptec.com\/wp-content\/uploads\/2025\/08\/\u5fae\u4fe1\u56fe\u7247_20250823155017_71-150x150.png 150w, https:\/\/www.tonerchiptec.com\/wp-content\/uploads\/2025\/08\/\u5fae\u4fe1\u56fe\u7247_20250823155017_71-768x768.png 768w, https:\/\/www.tonerchiptec.com\/wp-content\/uploads\/2025\/08\/\u5fae\u4fe1\u56fe\u7247_20250823155017_71-12x12.png 12w, https:\/\/www.tonerchiptec.com\/wp-content\/uploads\/2025\/08\/\u5fae\u4fe1\u56fe\u7247_20250823155017_71-600x600.png 600w, https:\/\/www.tonerchiptec.com\/wp-content\/uploads\/2025\/08\/\u5fae\u4fe1\u56fe\u7247_20250823155017_71-100x100.png 100w\" sizes=\"(max-width: 800px) 100vw, 800px\" \/><img decoding=\"async\" class=\"aligncenter size-full wp-image-8705\" src=\"https:\/\/www.tonerchiptec.com\/wp-content\/uploads\/2025\/08\/61L1DuJ2yxL._AC_SX466_.jpg\" alt=\"\" width=\"800\" height=\"800\" srcset=\"https:\/\/www.tonerchiptec.com\/wp-content\/uploads\/2025\/08\/61L1DuJ2yxL._AC_SX466_.jpg 800w, https:\/\/www.tonerchiptec.com\/wp-content\/uploads\/2025\/08\/61L1DuJ2yxL._AC_SX466_-300x300.jpg 300w, https:\/\/www.tonerchiptec.com\/wp-content\/uploads\/2025\/08\/61L1DuJ2yxL._AC_SX466_-150x150.jpg 150w, https:\/\/www.tonerchiptec.com\/wp-content\/uploads\/2025\/08\/61L1DuJ2yxL._AC_SX466_-768x768.jpg 768w, https:\/\/www.tonerchiptec.com\/wp-content\/uploads\/2025\/08\/61L1DuJ2yxL._AC_SX466_-12x12.jpg 12w, https:\/\/www.tonerchiptec.com\/wp-content\/uploads\/2025\/08\/61L1DuJ2yxL._AC_SX466_-600x600.jpg 600w, https:\/\/www.tonerchiptec.com\/wp-content\/uploads\/2025\/08\/61L1DuJ2yxL._AC_SX466_-100x100.jpg 100w\" sizes=\"(max-width: 800px) 100vw, 800px\" \/><img loading=\"lazy\" decoding=\"async\" class=\"aligncenter size-full wp-image-8711\" src=\"https:\/\/www.tonerchiptec.com\/wp-content\/uploads\/2025\/08\/\u5fae\u4fe1\u56fe\u7247_20250814165240_40.png\" alt=\"\" width=\"800\" height=\"800\" srcset=\"https:\/\/www.tonerchiptec.com\/wp-content\/uploads\/2025\/08\/\u5fae\u4fe1\u56fe\u7247_20250814165240_40.png 800w, https:\/\/www.tonerchiptec.com\/wp-content\/uploads\/2025\/08\/\u5fae\u4fe1\u56fe\u7247_20250814165240_40-300x300.png 300w, https:\/\/www.tonerchiptec.com\/wp-content\/uploads\/2025\/08\/\u5fae\u4fe1\u56fe\u7247_20250814165240_40-150x150.png 150w, https:\/\/www.tonerchiptec.com\/wp-content\/uploads\/2025\/08\/\u5fae\u4fe1\u56fe\u7247_20250814165240_40-768x768.png 768w, https:\/\/www.tonerchiptec.com\/wp-content\/uploads\/2025\/08\/\u5fae\u4fe1\u56fe\u7247_20250814165240_40-12x12.png 12w, https:\/\/www.tonerchiptec.com\/wp-content\/uploads\/2025\/08\/\u5fae\u4fe1\u56fe\u7247_20250814165240_40-600x600.png 600w, https:\/\/www.tonerchiptec.com\/wp-content\/uploads\/2025\/08\/\u5fae\u4fe1\u56fe\u7247_20250814165240_40-100x100.png 100w\" sizes=\"(max-width: 800px) 100vw, 800px\" \/> <img loading=\"lazy\" decoding=\"async\" class=\"aligncenter size-full wp-image-8706\" src=\"https:\/\/www.tonerchiptec.com\/wp-content\/uploads\/2025\/08\/\u5fae\u4fe1\u56fe\u7247_20250814164441_35.png\" alt=\"\" width=\"800\" height=\"800\" srcset=\"https:\/\/www.tonerchiptec.com\/wp-content\/uploads\/2025\/08\/\u5fae\u4fe1\u56fe\u7247_20250814164441_35.png 800w, https:\/\/www.tonerchiptec.com\/wp-content\/uploads\/2025\/08\/\u5fae\u4fe1\u56fe\u7247_20250814164441_35-300x300.png 300w, https:\/\/www.tonerchiptec.com\/wp-content\/uploads\/2025\/08\/\u5fae\u4fe1\u56fe\u7247_20250814164441_35-150x150.png 150w, https:\/\/www.tonerchiptec.com\/wp-content\/uploads\/2025\/08\/\u5fae\u4fe1\u56fe\u7247_20250814164441_35-768x768.png 768w, https:\/\/www.tonerchiptec.com\/wp-content\/uploads\/2025\/08\/\u5fae\u4fe1\u56fe\u7247_20250814164441_35-12x12.png 12w, https:\/\/www.tonerchiptec.com\/wp-content\/uploads\/2025\/08\/\u5fae\u4fe1\u56fe\u7247_20250814164441_35-600x600.png 600w, https:\/\/www.tonerchiptec.com\/wp-content\/uploads\/2025\/08\/\u5fae\u4fe1\u56fe\u7247_20250814164441_35-100x100.png 100w\" sizes=\"(max-width: 800px) 100vw, 800px\" \/> <img loading=\"lazy\" decoding=\"async\" class=\"aligncenter size-full wp-image-8707\" src=\"https:\/\/www.tonerchiptec.com\/wp-content\/uploads\/2025\/08\/\u5fae\u4fe1\u56fe\u7247_20250814164441_36.png\" alt=\"\" width=\"800\" height=\"800\" srcset=\"https:\/\/www.tonerchiptec.com\/wp-content\/uploads\/2025\/08\/\u5fae\u4fe1\u56fe\u7247_20250814164441_36.png 800w, https:\/\/www.tonerchiptec.com\/wp-content\/uploads\/2025\/08\/\u5fae\u4fe1\u56fe\u7247_20250814164441_36-300x300.png 300w, https:\/\/www.tonerchiptec.com\/wp-content\/uploads\/2025\/08\/\u5fae\u4fe1\u56fe\u7247_20250814164441_36-150x150.png 150w, https:\/\/www.tonerchiptec.com\/wp-content\/uploads\/2025\/08\/\u5fae\u4fe1\u56fe\u7247_20250814164441_36-768x768.png 768w, https:\/\/www.tonerchiptec.com\/wp-content\/uploads\/2025\/08\/\u5fae\u4fe1\u56fe\u7247_20250814164441_36-12x12.png 12w, https:\/\/www.tonerchiptec.com\/wp-content\/uploads\/2025\/08\/\u5fae\u4fe1\u56fe\u7247_20250814164441_36-600x600.png 600w, https:\/\/www.tonerchiptec.com\/wp-content\/uploads\/2025\/08\/\u5fae\u4fe1\u56fe\u7247_20250814164441_36-100x100.png 100w\" sizes=\"(max-width: 800px) 100vw, 800px\" \/> <img loading=\"lazy\" decoding=\"async\" class=\"aligncenter size-full wp-image-8708\" src=\"https:\/\/www.tonerchiptec.com\/wp-content\/uploads\/2025\/08\/\u5fae\u4fe1\u56fe\u7247_20250814164441_37.png\" alt=\"\" width=\"800\" height=\"800\" srcset=\"https:\/\/www.tonerchiptec.com\/wp-content\/uploads\/2025\/08\/\u5fae\u4fe1\u56fe\u7247_20250814164441_37.png 800w, https:\/\/www.tonerchiptec.com\/wp-content\/uploads\/2025\/08\/\u5fae\u4fe1\u56fe\u7247_20250814164441_37-300x300.png 300w, https:\/\/www.tonerchiptec.com\/wp-content\/uploads\/2025\/08\/\u5fae\u4fe1\u56fe\u7247_20250814164441_37-150x150.png 150w, https:\/\/www.tonerchiptec.com\/wp-content\/uploads\/2025\/08\/\u5fae\u4fe1\u56fe\u7247_20250814164441_37-768x768.png 768w, https:\/\/www.tonerchiptec.com\/wp-content\/uploads\/2025\/08\/\u5fae\u4fe1\u56fe\u7247_20250814164441_37-12x12.png 12w, https:\/\/www.tonerchiptec.com\/wp-content\/uploads\/2025\/08\/\u5fae\u4fe1\u56fe\u7247_20250814164441_37-600x600.png 600w, https:\/\/www.tonerchiptec.com\/wp-content\/uploads\/2025\/08\/\u5fae\u4fe1\u56fe\u7247_20250814164441_37-100x100.png 100w\" sizes=\"(max-width: 800px) 100vw, 800px\" \/> <img loading=\"lazy\" decoding=\"async\" class=\"aligncenter size-full wp-image-8709\" src=\"https:\/\/www.tonerchiptec.com\/wp-content\/uploads\/2025\/08\/\u5fae\u4fe1\u56fe\u7247_20250814164441_38.png\" alt=\"\" width=\"800\" height=\"800\" srcset=\"https:\/\/www.tonerchiptec.com\/wp-content\/uploads\/2025\/08\/\u5fae\u4fe1\u56fe\u7247_20250814164441_38.png 800w, https:\/\/www.tonerchiptec.com\/wp-content\/uploads\/2025\/08\/\u5fae\u4fe1\u56fe\u7247_20250814164441_38-300x300.png 300w, https:\/\/www.tonerchiptec.com\/wp-content\/uploads\/2025\/08\/\u5fae\u4fe1\u56fe\u7247_20250814164441_38-150x150.png 150w, https:\/\/www.tonerchiptec.com\/wp-content\/uploads\/2025\/08\/\u5fae\u4fe1\u56fe\u7247_20250814164441_38-768x768.png 768w, https:\/\/www.tonerchiptec.com\/wp-content\/uploads\/2025\/08\/\u5fae\u4fe1\u56fe\u7247_20250814164441_38-12x12.png 12w, https:\/\/www.tonerchiptec.com\/wp-content\/uploads\/2025\/08\/\u5fae\u4fe1\u56fe\u7247_20250814164441_38-600x600.png 600w, https:\/\/www.tonerchiptec.com\/wp-content\/uploads\/2025\/08\/\u5fae\u4fe1\u56fe\u7247_20250814164441_38-100x100.png 100w\" sizes=\"(max-width: 800px) 100vw, 800px\" \/> <img loading=\"lazy\" decoding=\"async\" class=\"aligncenter size-full wp-image-8710\" src=\"https:\/\/www.tonerchiptec.com\/wp-content\/uploads\/2025\/08\/\u5fae\u4fe1\u56fe\u7247_20250814164441_39.png\" alt=\"\" width=\"800\" height=\"800\" srcset=\"https:\/\/www.tonerchiptec.com\/wp-content\/uploads\/2025\/08\/\u5fae\u4fe1\u56fe\u7247_20250814164441_39.png 800w, https:\/\/www.tonerchiptec.com\/wp-content\/uploads\/2025\/08\/\u5fae\u4fe1\u56fe\u7247_20250814164441_39-300x300.png 300w, https:\/\/www.tonerchiptec.com\/wp-content\/uploads\/2025\/08\/\u5fae\u4fe1\u56fe\u7247_20250814164441_39-150x150.png 150w, https:\/\/www.tonerchiptec.com\/wp-content\/uploads\/2025\/08\/\u5fae\u4fe1\u56fe\u7247_20250814164441_39-768x768.png 768w, https:\/\/www.tonerchiptec.com\/wp-content\/uploads\/2025\/08\/\u5fae\u4fe1\u56fe\u7247_20250814164441_39-12x12.png 12w, https:\/\/www.tonerchiptec.com\/wp-content\/uploads\/2025\/08\/\u5fae\u4fe1\u56fe\u7247_20250814164441_39-600x600.png 600w, https:\/\/www.tonerchiptec.com\/wp-content\/uploads\/2025\/08\/\u5fae\u4fe1\u56fe\u7247_20250814164441_39-100x100.png 100w\" sizes=\"(max-width: 800px) 100vw, 800px\" \/> <img loading=\"lazy\" decoding=\"async\" class=\"aligncenter size-full wp-image-8554\" src=\"https:\/\/www.tonerchiptec.com\/wp-content\/uploads\/2025\/07\/tonyongchip.jpg\" alt=\"\" width=\"970\" height=\"815\" srcset=\"https:\/\/www.tonerchiptec.com\/wp-content\/uploads\/2025\/07\/tonyongchip.jpg 970w, https:\/\/www.tonerchiptec.com\/wp-content\/uploads\/2025\/07\/tonyongchip-300x252.jpg 300w, https:\/\/www.tonerchiptec.com\/wp-content\/uploads\/2025\/07\/tonyongchip-768x645.jpg 768w, https:\/\/www.tonerchiptec.com\/wp-content\/uploads\/2025\/07\/tonyongchip-14x12.jpg 14w, https:\/\/www.tonerchiptec.com\/wp-content\/uploads\/2025\/07\/tonyongchip-600x504.jpg 600w\" sizes=\"(max-width: 970px) 100vw, 970px\" \/><\/p>","protected":false},"excerpt":{"rendered":"<table style=\"border-collapse: collapse; width: 822px; height: 498px;\" border=\"0\" width=\"355\" cellspacing=\"0\" cellpadding=\"0\">\n<tbody>\n<tr style=\"height: 244.80pt;\">\n<td class=\"et2\" style=\"height: 244.80pt; width: 213.00pt;\" width=\"355\" height=\"408\">Pe\u00e7a n\u00ba 58D1H00<br \/>\nTecnologia de impress\u00e3o<br \/>\nImpressora a laser em preto e branco<br \/>\nValor de rendimento: 15000<br \/>\nRendimento m\u00e9dio cont\u00ednuo do cartucho no modo unilateral (simplex) de at\u00e9<br \/>\n7.500 p\u00e1ginas padr\u00e3o Valor de rendimento declarado de acordo com a norma ISO\/IEC 19752.<br \/>\nTamanho da embalagem (mm - A x L x P)<br \/>\n198 x 495 x 158Peso da embalagem, kg<br \/>\n2,4 kg<\/td>\n<\/tr>\n<\/tbody>\n<\/table>","protected":false},"featured_media":8801,"comment_status":"open","ping_status":"closed","template":"","meta":{"site-sidebar-layout":"default","site-content-layout":"","ast-site-content-layout":"default","site-content-style":"default","site-sidebar-style":"default","ast-global-header-display":"","ast-banner-title-visibility":"","ast-main-header-display":"","ast-hfb-above-header-display":"","ast-hfb-below-header-display":"","ast-hfb-mobile-header-display":"","site-post-title":"","ast-breadcrumbs-content":"","ast-featured-img":"","footer-sml-layout":"","theme-transparent-header-meta":"default","adv-header-id-meta":"","stick-header-meta":"","header-above-stick-meta":"","header-main-stick-meta":"","header-below-stick-meta":"","astra-migrate-meta-layouts":"set","ast-page-background-enabled":"default","ast-page-background-meta":{"desktop":{"background-color":"","background-image":"","background-repeat":"repeat","background-position":"center center","background-size":"auto","background-attachment":"scroll","background-type":"","background-media":"","overlay-type":"","overlay-color":"","overlay-opacity":"","overlay-gradient":""},"tablet":{"background-color":"","background-image":"","background-repeat":"repeat","background-position":"center center","background-size":"auto","background-attachment":"scroll","background-type":"","background-media":"","overlay-type":"","overlay-color":"","overlay-opacity":"","overlay-gradient":""},"mobile":{"background-color":"","background-image":"","background-repeat":"repeat","background-position":"center center","background-size":"auto","background-attachment":"scroll","background-type":"","background-media":"","overlay-type":"","overlay-color":"","overlay-opacity":"","overlay-gradient":""}},"ast-content-background-meta":{"desktop":{"background-color":"var(--ast-global-color-5)","background-image":"","background-repeat":"repeat","background-position":"center center","background-size":"auto","background-attachment":"scroll","background-type":"","background-media":"","overlay-type":"","overlay-color":"","overlay-opacity":"","overlay-gradient":""},"tablet":{"background-color":"var(--ast-global-color-5)","background-image":"","background-repeat":"repeat","background-position":"center center","background-size":"auto","background-attachment":"scroll","background-type":"","background-media":"","overlay-type":"","overlay-color":"","overlay-opacity":"","overlay-gradient":""},"mobile":{"background-color":"var(--ast-global-color-5)","background-image":"","background-repeat":"repeat","background-position":"center center","background-size":"auto","background-attachment":"scroll","background-type":"","background-media":"","overlay-type":"","overlay-color":"","overlay-opacity":"","overlay-gradient":""}}},"product_brand":[],"product_cat":[15,107],"product_tag":[],"class_list":{"0":"post-8704","1":"product","2":"type-product","3":"status-publish","4":"has-post-thumbnail","6":"product_cat-product","7":"product_cat-toner-cartridge","8":"desktop-align-left","9":"tablet-align-left","10":"mobile-align-left","11":"ast-product-gallery-layout-horizontal-slider","12":"ast-product-tabs-layout-horizontal","14":"first","15":"instock","16":"shipping-taxable","17":"product-type-simple"},"_links":{"self":[{"href":"https:\/\/www.tonerchiptec.com\/pt\/wp-json\/wp\/v2\/product\/8704","targetHints":{"allow":["GET"]}}],"collection":[{"href":"https:\/\/www.tonerchiptec.com\/pt\/wp-json\/wp\/v2\/product"}],"about":[{"href":"https:\/\/www.tonerchiptec.com\/pt\/wp-json\/wp\/v2\/types\/product"}],"replies":[{"embeddable":true,"href":"https:\/\/www.tonerchiptec.com\/pt\/wp-json\/wp\/v2\/comments?post=8704"}],"version-history":[{"count":0,"href":"https:\/\/www.tonerchiptec.com\/pt\/wp-json\/wp\/v2\/product\/8704\/revisions"}],"wp:featuredmedia":[{"embeddable":true,"href":"https:\/\/www.tonerchiptec.com\/pt\/wp-json\/wp\/v2\/media\/8801"}],"wp:attachment":[{"href":"https:\/\/www.tonerchiptec.com\/pt\/wp-json\/wp\/v2\/media?parent=8704"}],"wp:term":[{"taxonomy":"product_brand","embeddable":true,"href":"https:\/\/www.tonerchiptec.com\/pt\/wp-json\/wp\/v2\/product_brand?post=8704"},{"taxonomy":"product_cat","embeddable":true,"href":"https:\/\/www.tonerchiptec.com\/pt\/wp-json\/wp\/v2\/product_cat?post=8704"},{"taxonomy":"product_tag","embeddable":true,"href":"https:\/\/www.tonerchiptec.com\/pt\/wp-json\/wp\/v2\/product_tag?post=8704"}],"curies":[{"name":"wp","href":"https:\/\/api.w.org\/{rel}","templated":true}]}}