{"id":8745,"date":"2025-08-22T11:50:16","date_gmt":"2025-08-22T03:50:16","guid":{"rendered":"https:\/\/www.tonerchiptec.com\/?post_type=product&#038;p=8745"},"modified":"2025-12-27T08:22:56","modified_gmt":"2025-12-27T07:22:56","slug":"compatible-lexmark-de-toner-cartridge-ms823-for-mx721-mx722-mx-722-mx822-ms725-ms823-ms825-ms826-58d0z00","status":"publish","type":"product","link":"https:\/\/www.tonerchiptec.com\/pt\/product\/compatible-lexmark-de-toner-cartridge-ms823-for-mx721-mx722-mx-722-mx822-ms725-ms823-ms825-ms826-58d0z00\/","title":{"rendered":"LexmarkMS823 (58D0Z00)"},"content":{"rendered":"<p><img decoding=\"async\" class=\"aligncenter size-full wp-image-8746\" src=\"https:\/\/www.tonerchiptec.com\/wp-content\/uploads\/2025\/08\/2025_08_22_09_56_IMG_0216.heic\" alt=\"\" \/> <img fetchpriority=\"high\" decoding=\"async\" class=\"aligncenter size-full wp-image-8748\" src=\"https:\/\/www.tonerchiptec.com\/wp-content\/uploads\/2025\/08\/\u5fae\u4fe1\u56fe\u7247_20250822113718_52.png\" alt=\"\" width=\"800\" height=\"800\" srcset=\"https:\/\/www.tonerchiptec.com\/wp-content\/uploads\/2025\/08\/\u5fae\u4fe1\u56fe\u7247_20250822113718_52.png 800w, https:\/\/www.tonerchiptec.com\/wp-content\/uploads\/2025\/08\/\u5fae\u4fe1\u56fe\u7247_20250822113718_52-300x300.png 300w, https:\/\/www.tonerchiptec.com\/wp-content\/uploads\/2025\/08\/\u5fae\u4fe1\u56fe\u7247_20250822113718_52-150x150.png 150w, https:\/\/www.tonerchiptec.com\/wp-content\/uploads\/2025\/08\/\u5fae\u4fe1\u56fe\u7247_20250822113718_52-768x768.png 768w, https:\/\/www.tonerchiptec.com\/wp-content\/uploads\/2025\/08\/\u5fae\u4fe1\u56fe\u7247_20250822113718_52-12x12.png 12w, https:\/\/www.tonerchiptec.com\/wp-content\/uploads\/2025\/08\/\u5fae\u4fe1\u56fe\u7247_20250822113718_52-600x600.png 600w, https:\/\/www.tonerchiptec.com\/wp-content\/uploads\/2025\/08\/\u5fae\u4fe1\u56fe\u7247_20250822113718_52-100x100.png 100w\" sizes=\"(max-width: 800px) 100vw, 800px\" \/><img decoding=\"async\" class=\"aligncenter size-full wp-image-8756\" src=\"https:\/\/www.tonerchiptec.com\/wp-content\/uploads\/2025\/08\/2025_08_22_09_56_IMG_0218-2.jpg\" alt=\"\" width=\"800\" height=\"800\" srcset=\"https:\/\/www.tonerchiptec.com\/wp-content\/uploads\/2025\/08\/2025_08_22_09_56_IMG_0218-2.jpg 800w, https:\/\/www.tonerchiptec.com\/wp-content\/uploads\/2025\/08\/2025_08_22_09_56_IMG_0218-2-300x300.jpg 300w, https:\/\/www.tonerchiptec.com\/wp-content\/uploads\/2025\/08\/2025_08_22_09_56_IMG_0218-2-150x150.jpg 150w, https:\/\/www.tonerchiptec.com\/wp-content\/uploads\/2025\/08\/2025_08_22_09_56_IMG_0218-2-768x768.jpg 768w, https:\/\/www.tonerchiptec.com\/wp-content\/uploads\/2025\/08\/2025_08_22_09_56_IMG_0218-2-12x12.jpg 12w, https:\/\/www.tonerchiptec.com\/wp-content\/uploads\/2025\/08\/2025_08_22_09_56_IMG_0218-2-600x600.jpg 600w, https:\/\/www.tonerchiptec.com\/wp-content\/uploads\/2025\/08\/2025_08_22_09_56_IMG_0218-2-100x100.jpg 100w\" sizes=\"(max-width: 800px) 100vw, 800px\" \/><img decoding=\"async\" class=\"aligncenter size-full wp-image-8747\" src=\"https:\/\/www.tonerchiptec.com\/wp-content\/uploads\/2025\/08\/2025_08_22_09_56_IMG_0218.heic\" alt=\"\" \/><img decoding=\"async\" class=\"aligncenter size-full wp-image-8749\" src=\"https:\/\/www.tonerchiptec.com\/wp-content\/uploads\/2025\/08\/2025_08_22_09_56_IMG_0216-1.heic\" alt=\"\" \/> <img decoding=\"async\" class=\"aligncenter size-full wp-image-8750\" src=\"https:\/\/www.tonerchiptec.com\/wp-content\/uploads\/2025\/08\/2025_08_22_09_56_IMG_0217.heic\" alt=\"\" \/> <img decoding=\"async\" class=\"aligncenter size-full wp-image-8751\" src=\"https:\/\/www.tonerchiptec.com\/wp-content\/uploads\/2025\/08\/2025_08_22_09_56_IMG_0218-1.heic\" alt=\"\" \/> <img decoding=\"async\" class=\"aligncenter size-full wp-image-8710\" src=\"https:\/\/www.tonerchiptec.com\/wp-content\/uploads\/2025\/08\/\u5fae\u4fe1\u56fe\u7247_20250814164441_39.png\" alt=\"\" width=\"800\" height=\"800\" srcset=\"https:\/\/www.tonerchiptec.com\/wp-content\/uploads\/2025\/08\/\u5fae\u4fe1\u56fe\u7247_20250814164441_39.png 800w, https:\/\/www.tonerchiptec.com\/wp-content\/uploads\/2025\/08\/\u5fae\u4fe1\u56fe\u7247_20250814164441_39-300x300.png 300w, https:\/\/www.tonerchiptec.com\/wp-content\/uploads\/2025\/08\/\u5fae\u4fe1\u56fe\u7247_20250814164441_39-150x150.png 150w, https:\/\/www.tonerchiptec.com\/wp-content\/uploads\/2025\/08\/\u5fae\u4fe1\u56fe\u7247_20250814164441_39-768x768.png 768w, https:\/\/www.tonerchiptec.com\/wp-content\/uploads\/2025\/08\/\u5fae\u4fe1\u56fe\u7247_20250814164441_39-12x12.png 12w, https:\/\/www.tonerchiptec.com\/wp-content\/uploads\/2025\/08\/\u5fae\u4fe1\u56fe\u7247_20250814164441_39-600x600.png 600w, https:\/\/www.tonerchiptec.com\/wp-content\/uploads\/2025\/08\/\u5fae\u4fe1\u56fe\u7247_20250814164441_39-100x100.png 100w\" sizes=\"(max-width: 800px) 100vw, 800px\" \/> <img loading=\"lazy\" decoding=\"async\" class=\"aligncenter size-full wp-image-8709\" src=\"https:\/\/www.tonerchiptec.com\/wp-content\/uploads\/2025\/08\/\u5fae\u4fe1\u56fe\u7247_20250814164441_38.png\" alt=\"\" width=\"800\" height=\"800\" srcset=\"https:\/\/www.tonerchiptec.com\/wp-content\/uploads\/2025\/08\/\u5fae\u4fe1\u56fe\u7247_20250814164441_38.png 800w, https:\/\/www.tonerchiptec.com\/wp-content\/uploads\/2025\/08\/\u5fae\u4fe1\u56fe\u7247_20250814164441_38-300x300.png 300w, https:\/\/www.tonerchiptec.com\/wp-content\/uploads\/2025\/08\/\u5fae\u4fe1\u56fe\u7247_20250814164441_38-150x150.png 150w, https:\/\/www.tonerchiptec.com\/wp-content\/uploads\/2025\/08\/\u5fae\u4fe1\u56fe\u7247_20250814164441_38-768x768.png 768w, https:\/\/www.tonerchiptec.com\/wp-content\/uploads\/2025\/08\/\u5fae\u4fe1\u56fe\u7247_20250814164441_38-12x12.png 12w, https:\/\/www.tonerchiptec.com\/wp-content\/uploads\/2025\/08\/\u5fae\u4fe1\u56fe\u7247_20250814164441_38-600x600.png 600w, https:\/\/www.tonerchiptec.com\/wp-content\/uploads\/2025\/08\/\u5fae\u4fe1\u56fe\u7247_20250814164441_38-100x100.png 100w\" sizes=\"(max-width: 800px) 100vw, 800px\" \/> <img loading=\"lazy\" decoding=\"async\" class=\"aligncenter size-full wp-image-8708\" src=\"https:\/\/www.tonerchiptec.com\/wp-content\/uploads\/2025\/08\/\u5fae\u4fe1\u56fe\u7247_20250814164441_37.png\" alt=\"\" width=\"800\" height=\"800\" srcset=\"https:\/\/www.tonerchiptec.com\/wp-content\/uploads\/2025\/08\/\u5fae\u4fe1\u56fe\u7247_20250814164441_37.png 800w, https:\/\/www.tonerchiptec.com\/wp-content\/uploads\/2025\/08\/\u5fae\u4fe1\u56fe\u7247_20250814164441_37-300x300.png 300w, https:\/\/www.tonerchiptec.com\/wp-content\/uploads\/2025\/08\/\u5fae\u4fe1\u56fe\u7247_20250814164441_37-150x150.png 150w, https:\/\/www.tonerchiptec.com\/wp-content\/uploads\/2025\/08\/\u5fae\u4fe1\u56fe\u7247_20250814164441_37-768x768.png 768w, https:\/\/www.tonerchiptec.com\/wp-content\/uploads\/2025\/08\/\u5fae\u4fe1\u56fe\u7247_20250814164441_37-12x12.png 12w, https:\/\/www.tonerchiptec.com\/wp-content\/uploads\/2025\/08\/\u5fae\u4fe1\u56fe\u7247_20250814164441_37-600x600.png 600w, https:\/\/www.tonerchiptec.com\/wp-content\/uploads\/2025\/08\/\u5fae\u4fe1\u56fe\u7247_20250814164441_37-100x100.png 100w\" sizes=\"(max-width: 800px) 100vw, 800px\" \/> <img loading=\"lazy\" decoding=\"async\" class=\"aligncenter size-full wp-image-8707\" src=\"https:\/\/www.tonerchiptec.com\/wp-content\/uploads\/2025\/08\/\u5fae\u4fe1\u56fe\u7247_20250814164441_36.png\" alt=\"\" width=\"800\" height=\"800\" srcset=\"https:\/\/www.tonerchiptec.com\/wp-content\/uploads\/2025\/08\/\u5fae\u4fe1\u56fe\u7247_20250814164441_36.png 800w, https:\/\/www.tonerchiptec.com\/wp-content\/uploads\/2025\/08\/\u5fae\u4fe1\u56fe\u7247_20250814164441_36-300x300.png 300w, https:\/\/www.tonerchiptec.com\/wp-content\/uploads\/2025\/08\/\u5fae\u4fe1\u56fe\u7247_20250814164441_36-150x150.png 150w, https:\/\/www.tonerchiptec.com\/wp-content\/uploads\/2025\/08\/\u5fae\u4fe1\u56fe\u7247_20250814164441_36-768x768.png 768w, https:\/\/www.tonerchiptec.com\/wp-content\/uploads\/2025\/08\/\u5fae\u4fe1\u56fe\u7247_20250814164441_36-12x12.png 12w, https:\/\/www.tonerchiptec.com\/wp-content\/uploads\/2025\/08\/\u5fae\u4fe1\u56fe\u7247_20250814164441_36-600x600.png 600w, https:\/\/www.tonerchiptec.com\/wp-content\/uploads\/2025\/08\/\u5fae\u4fe1\u56fe\u7247_20250814164441_36-100x100.png 100w\" sizes=\"(max-width: 800px) 100vw, 800px\" \/> <img loading=\"lazy\" decoding=\"async\" class=\"aligncenter size-full wp-image-8706\" src=\"https:\/\/www.tonerchiptec.com\/wp-content\/uploads\/2025\/08\/\u5fae\u4fe1\u56fe\u7247_20250814164441_35.png\" alt=\"\" width=\"800\" height=\"800\" srcset=\"https:\/\/www.tonerchiptec.com\/wp-content\/uploads\/2025\/08\/\u5fae\u4fe1\u56fe\u7247_20250814164441_35.png 800w, https:\/\/www.tonerchiptec.com\/wp-content\/uploads\/2025\/08\/\u5fae\u4fe1\u56fe\u7247_20250814164441_35-300x300.png 300w, https:\/\/www.tonerchiptec.com\/wp-content\/uploads\/2025\/08\/\u5fae\u4fe1\u56fe\u7247_20250814164441_35-150x150.png 150w, https:\/\/www.tonerchiptec.com\/wp-content\/uploads\/2025\/08\/\u5fae\u4fe1\u56fe\u7247_20250814164441_35-768x768.png 768w, https:\/\/www.tonerchiptec.com\/wp-content\/uploads\/2025\/08\/\u5fae\u4fe1\u56fe\u7247_20250814164441_35-12x12.png 12w, https:\/\/www.tonerchiptec.com\/wp-content\/uploads\/2025\/08\/\u5fae\u4fe1\u56fe\u7247_20250814164441_35-600x600.png 600w, https:\/\/www.tonerchiptec.com\/wp-content\/uploads\/2025\/08\/\u5fae\u4fe1\u56fe\u7247_20250814164441_35-100x100.png 100w\" sizes=\"(max-width: 800px) 100vw, 800px\" \/> <img loading=\"lazy\" decoding=\"async\" class=\"aligncenter size-full wp-image-8691\" src=\"https:\/\/www.tonerchiptec.com\/wp-content\/uploads\/2025\/07\/\u5fae\u4fe1\u56fe\u7247_20250814160118_30.png\" alt=\"\" width=\"800\" height=\"800\" srcset=\"https:\/\/www.tonerchiptec.com\/wp-content\/uploads\/2025\/07\/\u5fae\u4fe1\u56fe\u7247_20250814160118_30.png 800w, https:\/\/www.tonerchiptec.com\/wp-content\/uploads\/2025\/07\/\u5fae\u4fe1\u56fe\u7247_20250814160118_30-300x300.png 300w, https:\/\/www.tonerchiptec.com\/wp-content\/uploads\/2025\/07\/\u5fae\u4fe1\u56fe\u7247_20250814160118_30-150x150.png 150w, https:\/\/www.tonerchiptec.com\/wp-content\/uploads\/2025\/07\/\u5fae\u4fe1\u56fe\u7247_20250814160118_30-768x768.png 768w, https:\/\/www.tonerchiptec.com\/wp-content\/uploads\/2025\/07\/\u5fae\u4fe1\u56fe\u7247_20250814160118_30-12x12.png 12w, https:\/\/www.tonerchiptec.com\/wp-content\/uploads\/2025\/07\/\u5fae\u4fe1\u56fe\u7247_20250814160118_30-600x600.png 600w, https:\/\/www.tonerchiptec.com\/wp-content\/uploads\/2025\/07\/\u5fae\u4fe1\u56fe\u7247_20250814160118_30-100x100.png 100w\" sizes=\"(max-width: 800px) 100vw, 800px\" \/> <img loading=\"lazy\" decoding=\"async\" class=\"aligncenter size-full wp-image-8643\" src=\"https:\/\/www.tonerchiptec.com\/wp-content\/uploads\/2025\/07\/\u5fae\u4fe1\u56fe\u7247_20250812161349_25.png\" alt=\"\" width=\"800\" height=\"800\" srcset=\"https:\/\/www.tonerchiptec.com\/wp-content\/uploads\/2025\/07\/\u5fae\u4fe1\u56fe\u7247_20250812161349_25.png 800w, https:\/\/www.tonerchiptec.com\/wp-content\/uploads\/2025\/07\/\u5fae\u4fe1\u56fe\u7247_20250812161349_25-300x300.png 300w, https:\/\/www.tonerchiptec.com\/wp-content\/uploads\/2025\/07\/\u5fae\u4fe1\u56fe\u7247_20250812161349_25-150x150.png 150w, https:\/\/www.tonerchiptec.com\/wp-content\/uploads\/2025\/07\/\u5fae\u4fe1\u56fe\u7247_20250812161349_25-768x768.png 768w, https:\/\/www.tonerchiptec.com\/wp-content\/uploads\/2025\/07\/\u5fae\u4fe1\u56fe\u7247_20250812161349_25-12x12.png 12w, https:\/\/www.tonerchiptec.com\/wp-content\/uploads\/2025\/07\/\u5fae\u4fe1\u56fe\u7247_20250812161349_25-600x600.png 600w, https:\/\/www.tonerchiptec.com\/wp-content\/uploads\/2025\/07\/\u5fae\u4fe1\u56fe\u7247_20250812161349_25-100x100.png 100w\" sizes=\"(max-width: 800px) 100vw, 800px\" \/><\/p>\n<p><img decoding=\"async\" class=\"aligncenter size-full wp-image-8754\" src=\"https:\/\/www.tonerchiptec.com\/wp-content\/uploads\/2025\/08\/2025_08_22_09_57_IMG_0223.heic\" alt=\"\" \/><img decoding=\"async\" class=\"aligncenter size-full wp-image-8747\" src=\"https:\/\/www.tonerchiptec.com\/wp-content\/uploads\/2025\/08\/2025_08_22_09_56_IMG_0218.heic\" alt=\"\" \/> <img decoding=\"async\" class=\"aligncenter size-full wp-image-8746\" src=\"https:\/\/www.tonerchiptec.com\/wp-content\/uploads\/2025\/08\/2025_08_22_09_56_IMG_0216.heic\" alt=\"\" \/><\/p>","protected":false},"excerpt":{"rendered":"<table width=\"355\">\n<tbody>\n<tr>\n<td width=\"355\">Pe\u00e7a n\u00ba 58D0Z00<br \/>\nTecnologia de impress\u00e3o<br \/>\nImpressora a laser em preto e branco<br \/>\nValor do rendimento<br \/>\n150000<br \/>\nPrograma de coleta de cartuchos da Lexmark<br \/>\nSim<br \/>\nRendimento m\u00e9dio cont\u00ednuo do cartucho no modo unilateral (simplex) de at\u00e9<br \/>\n150000 p\u00e1ginas padr\u00e3o Valor de rendimento declarado de acordo com a norma ISO\/IEC 19752.Tamanho da embalagem (mm - A x L x P)<br \/>\n395 x 495 x 160 mm<br \/>\nPeso da embalagem, kg<br \/>\n2,5 kg<\/td>\n<\/tr>\n<\/tbody>\n<\/table>","protected":false},"featured_media":8748,"comment_status":"open","ping_status":"closed","template":"","meta":{"site-sidebar-layout":"default","site-content-layout":"","ast-site-content-layout":"default","site-content-style":"default","site-sidebar-style":"default","ast-global-header-display":"","ast-banner-title-visibility":"","ast-main-header-display":"","ast-hfb-above-header-display":"","ast-hfb-below-header-display":"","ast-hfb-mobile-header-display":"","site-post-title":"","ast-breadcrumbs-content":"","ast-featured-img":"","footer-sml-layout":"","theme-transparent-header-meta":"default","adv-header-id-meta":"","stick-header-meta":"","header-above-stick-meta":"","header-main-stick-meta":"","header-below-stick-meta":"","astra-migrate-meta-layouts":"set","ast-page-background-enabled":"default","ast-page-background-meta":{"desktop":{"background-color":"","background-image":"","background-repeat":"repeat","background-position":"center center","background-size":"auto","background-attachment":"scroll","background-type":"","background-media":"","overlay-type":"","overlay-color":"","overlay-opacity":"","overlay-gradient":""},"tablet":{"background-color":"","background-image":"","background-repeat":"repeat","background-position":"center center","background-size":"auto","background-attachment":"scroll","background-type":"","background-media":"","overlay-type":"","overlay-color":"","overlay-opacity":"","overlay-gradient":""},"mobile":{"background-color":"","background-image":"","background-repeat":"repeat","background-position":"center center","background-size":"auto","background-attachment":"scroll","background-type":"","background-media":"","overlay-type":"","overlay-color":"","overlay-opacity":"","overlay-gradient":""}},"ast-content-background-meta":{"desktop":{"background-color":"var(--ast-global-color-5)","background-image":"","background-repeat":"repeat","background-position":"center center","background-size":"auto","background-attachment":"scroll","background-type":"","background-media":"","overlay-type":"","overlay-color":"","overlay-opacity":"","overlay-gradient":""},"tablet":{"background-color":"var(--ast-global-color-5)","background-image":"","background-repeat":"repeat","background-position":"center center","background-size":"auto","background-attachment":"scroll","background-type":"","background-media":"","overlay-type":"","overlay-color":"","overlay-opacity":"","overlay-gradient":""},"mobile":{"background-color":"var(--ast-global-color-5)","background-image":"","background-repeat":"repeat","background-position":"center center","background-size":"auto","background-attachment":"scroll","background-type":"","background-media":"","overlay-type":"","overlay-color":"","overlay-opacity":"","overlay-gradient":""}}},"product_brand":[],"product_cat":[107],"product_tag":[],"class_list":{"0":"post-8745","1":"product","2":"type-product","3":"status-publish","4":"has-post-thumbnail","6":"product_cat-toner-cartridge","7":"desktop-align-left","8":"tablet-align-left","9":"mobile-align-left","10":"ast-product-gallery-layout-horizontal-slider","11":"ast-product-tabs-layout-horizontal","13":"first","14":"instock","15":"shipping-taxable","16":"product-type-simple"},"_links":{"self":[{"href":"https:\/\/www.tonerchiptec.com\/pt\/wp-json\/wp\/v2\/product\/8745","targetHints":{"allow":["GET"]}}],"collection":[{"href":"https:\/\/www.tonerchiptec.com\/pt\/wp-json\/wp\/v2\/product"}],"about":[{"href":"https:\/\/www.tonerchiptec.com\/pt\/wp-json\/wp\/v2\/types\/product"}],"replies":[{"embeddable":true,"href":"https:\/\/www.tonerchiptec.com\/pt\/wp-json\/wp\/v2\/comments?post=8745"}],"version-history":[{"count":1,"href":"https:\/\/www.tonerchiptec.com\/pt\/wp-json\/wp\/v2\/product\/8745\/revisions"}],"predecessor-version":[{"id":9407,"href":"https:\/\/www.tonerchiptec.com\/pt\/wp-json\/wp\/v2\/product\/8745\/revisions\/9407"}],"wp:featuredmedia":[{"embeddable":true,"href":"https:\/\/www.tonerchiptec.com\/pt\/wp-json\/wp\/v2\/media\/8748"}],"wp:attachment":[{"href":"https:\/\/www.tonerchiptec.com\/pt\/wp-json\/wp\/v2\/media?parent=8745"}],"wp:term":[{"taxonomy":"product_brand","embeddable":true,"href":"https:\/\/www.tonerchiptec.com\/pt\/wp-json\/wp\/v2\/product_brand?post=8745"},{"taxonomy":"product_cat","embeddable":true,"href":"https:\/\/www.tonerchiptec.com\/pt\/wp-json\/wp\/v2\/product_cat?post=8745"},{"taxonomy":"product_tag","embeddable":true,"href":"https:\/\/www.tonerchiptec.com\/pt\/wp-json\/wp\/v2\/product_tag?post=8745"}],"curies":[{"name":"wp","href":"https:\/\/api.w.org\/{rel}","templated":true}]}}